{"id":9456,"date":"2024-10-18T12:34:35","date_gmt":"2024-10-18T12:34:35","guid":{"rendered":"https:\/?post_type=product&#038;p=9456"},"modified":"2025-07-02T08:24:35","modified_gmt":"2025-07-02T08:24:35","slug":"pin-base-aerea-de-torrejon-de-ardoz","status":"publish","type":"product","link":"https:\/\/topofclimb.es\/en\/product\/pin-base-aerea-de-torrejon-de-ardoz\/","title":{"rendered":"Pin Base A\u00e9rea de Torrej\u00f3n de Ardoz"},"content":{"rendered":"<p>Pin Base A\u00e9rea de Torrej\u00f3n de Ardoz<\/p>","protected":false},"excerpt":{"rendered":"<p>Pin Base A\u00e9rea de Torrej\u00f3n de Ardoz<\/p>","protected":false},"featured_media":9457,"template":"","meta":[],"product_brand":[],"product_cat":[121,323],"product_tag":[],"class_list":{"0":"post-9456","1":"product","2":"type-product","3":"status-publish","4":"has-post-thumbnail","6":"product_cat-bisuteria","7":"product_cat-insignias","9":"first","10":"instock","11":"taxable","12":"shipping-taxable","13":"purchasable","14":"product-type-simple"},"_links":{"self":[{"href":"https:\/\/topofclimb.es\/en\/wp-json\/wp\/v2\/product\/9456","targetHints":{"allow":["GET"]}}],"collection":[{"href":"https:\/\/topofclimb.es\/en\/wp-json\/wp\/v2\/product"}],"about":[{"href":"https:\/\/topofclimb.es\/en\/wp-json\/wp\/v2\/types\/product"}],"wp:featuredmedia":[{"embeddable":true,"href":"https:\/\/topofclimb.es\/en\/wp-json\/wp\/v2\/media\/9457"}],"wp:attachment":[{"href":"https:\/\/topofclimb.es\/en\/wp-json\/wp\/v2\/media?parent=9456"}],"wp:term":[{"taxonomy":"product_brand","embeddable":true,"href":"https:\/\/topofclimb.es\/en\/wp-json\/wp\/v2\/product_brand?post=9456"},{"taxonomy":"product_cat","embeddable":true,"href":"https:\/\/topofclimb.es\/en\/wp-json\/wp\/v2\/product_cat?post=9456"},{"taxonomy":"product_tag","embeddable":true,"href":"https:\/\/topofclimb.es\/en\/wp-json\/wp\/v2\/product_tag?post=9456"}],"curies":[{"name":"wp","href":"https:\/\/api.w.org\/{rel}","templated":true}]}}