{"id":9454,"date":"2024-10-18T12:06:56","date_gmt":"2024-10-18T12:06:56","guid":{"rendered":"https:\/?post_type=product&#038;p=9454"},"modified":"2026-04-06T13:24:16","modified_gmt":"2026-04-06T13:24:16","slug":"pin-avion-212","status":"publish","type":"product","link":"https:\/\/topofclimb.es\/en\/product\/pin-avion-212\/","title":{"rendered":"Pin avi\u00f3n 212"},"content":{"rendered":"<p>Pin de metal del avi\u00f3n 212 con ba\u00f1o en oro<\/p>","protected":false},"excerpt":{"rendered":"<p>Pin de metal del avi\u00f3n 212 con ba\u00f1o en oro<\/p>","protected":false},"featured_media":9455,"template":"","meta":[],"product_brand":[],"product_cat":[121,323],"product_tag":[],"class_list":{"0":"post-9454","1":"product","2":"type-product","3":"status-publish","4":"has-post-thumbnail","6":"product_cat-bisuteria","7":"product_cat-insignias","9":"first","10":"instock","11":"taxable","12":"shipping-taxable","13":"purchasable","14":"product-type-simple"},"_links":{"self":[{"href":"https:\/\/topofclimb.es\/en\/wp-json\/wp\/v2\/product\/9454","targetHints":{"allow":["GET"]}}],"collection":[{"href":"https:\/\/topofclimb.es\/en\/wp-json\/wp\/v2\/product"}],"about":[{"href":"https:\/\/topofclimb.es\/en\/wp-json\/wp\/v2\/types\/product"}],"wp:featuredmedia":[{"embeddable":true,"href":"https:\/\/topofclimb.es\/en\/wp-json\/wp\/v2\/media\/9455"}],"wp:attachment":[{"href":"https:\/\/topofclimb.es\/en\/wp-json\/wp\/v2\/media?parent=9454"}],"wp:term":[{"taxonomy":"product_brand","embeddable":true,"href":"https:\/\/topofclimb.es\/en\/wp-json\/wp\/v2\/product_brand?post=9454"},{"taxonomy":"product_cat","embeddable":true,"href":"https:\/\/topofclimb.es\/en\/wp-json\/wp\/v2\/product_cat?post=9454"},{"taxonomy":"product_tag","embeddable":true,"href":"https:\/\/topofclimb.es\/en\/wp-json\/wp\/v2\/product_tag?post=9454"}],"curies":[{"name":"wp","href":"https:\/\/api.w.org\/{rel}","templated":true}]}}