{"id":9440,"date":"2024-10-18T10:54:32","date_gmt":"2024-10-18T10:54:32","guid":{"rendered":"https:\/?post_type=product&#038;p=9440"},"modified":"2025-09-12T10:59:26","modified_gmt":"2025-09-12T10:59:26","slug":"sujetacorbatas-avion-apagafuegos","status":"publish","type":"product","link":"https:\/\/topofclimb.es\/en\/product\/sujetacorbatas-avion-apagafuegos\/","title":{"rendered":"Sujetacorbatas Avi\u00f3n Apagafuegos"},"content":{"rendered":"<p>Fundado en 1943, el Grupo 43 de la Fuerza A\u00e9rea Espa\u00f1ola desempe\u00f1a un papel crucial en misiones de transporte militar y operaciones aerot\u00e1cticas, destac\u00e1ndose por su contribuci\u00f3n en diversas operaciones nacionales e internacionales.<\/p>","protected":false},"excerpt":{"rendered":"<p>Sujeta corbatas de metal con ba\u00f1o en oro<\/p>","protected":false},"featured_media":9441,"template":"","meta":[],"product_brand":[],"product_cat":[126],"product_tag":[],"class_list":{"0":"post-9440","1":"product","2":"type-product","3":"status-publish","4":"has-post-thumbnail","6":"product_cat-joyeria","8":"first","9":"instock","10":"taxable","11":"shipping-taxable","12":"purchasable","13":"product-type-simple"},"_links":{"self":[{"href":"https:\/\/topofclimb.es\/en\/wp-json\/wp\/v2\/product\/9440","targetHints":{"allow":["GET"]}}],"collection":[{"href":"https:\/\/topofclimb.es\/en\/wp-json\/wp\/v2\/product"}],"about":[{"href":"https:\/\/topofclimb.es\/en\/wp-json\/wp\/v2\/types\/product"}],"wp:featuredmedia":[{"embeddable":true,"href":"https:\/\/topofclimb.es\/en\/wp-json\/wp\/v2\/media\/9441"}],"wp:attachment":[{"href":"https:\/\/topofclimb.es\/en\/wp-json\/wp\/v2\/media?parent=9440"}],"wp:term":[{"taxonomy":"product_brand","embeddable":true,"href":"https:\/\/topofclimb.es\/en\/wp-json\/wp\/v2\/product_brand?post=9440"},{"taxonomy":"product_cat","embeddable":true,"href":"https:\/\/topofclimb.es\/en\/wp-json\/wp\/v2\/product_cat?post=9440"},{"taxonomy":"product_tag","embeddable":true,"href":"https:\/\/topofclimb.es\/en\/wp-json\/wp\/v2\/product_tag?post=9440"}],"curies":[{"name":"wp","href":"https:\/\/api.w.org\/{rel}","templated":true}]}}