{"id":9434,"date":"2024-10-17T15:21:17","date_gmt":"2024-10-17T15:21:17","guid":{"rendered":"https:\/?post_type=product&#038;p=9434"},"modified":"2026-03-12T08:57:24","modified_gmt":"2026-03-12T08:57:24","slug":"pin-espana-escarapela","status":"publish","type":"product","link":"https:\/\/topofclimb.es\/en\/product\/pin-espana-escarapela\/","title":{"rendered":"Pin Espa\u00f1a escarapela"},"content":{"rendered":"<p>Elegante pin de una escarapela de Espa\u00f1a en aluminio ba\u00f1ado en oro y colores esmaltados. A\u00f1ade un toque de distinci\u00f3n y profesionalismo a tu atuendo con estos duraderos y sofisticados pines.  1,8 cm<\/p>","protected":false},"excerpt":{"rendered":"<p>Pin Espa\u00f1a escarapela<\/p>","protected":false},"featured_media":9435,"template":"","meta":[],"product_brand":[],"product_cat":[121,323],"product_tag":[],"class_list":{"0":"post-9434","1":"product","2":"type-product","3":"status-publish","4":"has-post-thumbnail","6":"product_cat-bisuteria","7":"product_cat-insignias","9":"first","10":"instock","11":"taxable","12":"shipping-taxable","13":"purchasable","14":"product-type-simple"},"_links":{"self":[{"href":"https:\/\/topofclimb.es\/en\/wp-json\/wp\/v2\/product\/9434","targetHints":{"allow":["GET"]}}],"collection":[{"href":"https:\/\/topofclimb.es\/en\/wp-json\/wp\/v2\/product"}],"about":[{"href":"https:\/\/topofclimb.es\/en\/wp-json\/wp\/v2\/types\/product"}],"wp:featuredmedia":[{"embeddable":true,"href":"https:\/\/topofclimb.es\/en\/wp-json\/wp\/v2\/media\/9435"}],"wp:attachment":[{"href":"https:\/\/topofclimb.es\/en\/wp-json\/wp\/v2\/media?parent=9434"}],"wp:term":[{"taxonomy":"product_brand","embeddable":true,"href":"https:\/\/topofclimb.es\/en\/wp-json\/wp\/v2\/product_brand?post=9434"},{"taxonomy":"product_cat","embeddable":true,"href":"https:\/\/topofclimb.es\/en\/wp-json\/wp\/v2\/product_cat?post=9434"},{"taxonomy":"product_tag","embeddable":true,"href":"https:\/\/topofclimb.es\/en\/wp-json\/wp\/v2\/product_tag?post=9434"}],"curies":[{"name":"wp","href":"https:\/\/api.w.org\/{rel}","templated":true}]}}