{"id":9421,"date":"2024-10-15T15:39:44","date_gmt":"2024-10-15T15:39:44","guid":{"rendered":"https:\/?post_type=product&#038;p=9421"},"modified":"2026-01-20T07:26:08","modified_gmt":"2026-01-20T07:26:08","slug":"pulsera-espana-cuero-con-bandera-lisa","status":"publish","type":"product","link":"https:\/\/topofclimb.es\/en\/product\/pulsera-espana-cuero-con-bandera-lisa\/","title":{"rendered":"PULSERA ESPA\u00d1A CUERO CON BANDERA LISA"},"content":{"rendered":"<p>Pulsera doble de piel color negro con bandera de Espa\u00f1a lisa y eslabones met\u00e1licos.<\/p>","protected":false},"excerpt":{"rendered":"<p>Preciosa y econ\u00f3mica pulsera de piel doble color\u00a0negro con bandera de Espa\u00f1a lisa y eslabones met\u00e1licos.<\/p>\n<p>Cierre met\u00e1lico.<\/p>","protected":false},"featured_media":9422,"template":"","meta":[],"product_brand":[],"product_cat":[71,116],"product_tag":[],"class_list":{"0":"post-9421","1":"product","2":"type-product","3":"status-publish","4":"has-post-thumbnail","6":"product_cat-accesorios","7":"product_cat-pulseras","9":"first","10":"instock","11":"taxable","12":"shipping-taxable","13":"purchasable","14":"product-type-simple"},"_links":{"self":[{"href":"https:\/\/topofclimb.es\/en\/wp-json\/wp\/v2\/product\/9421","targetHints":{"allow":["GET"]}}],"collection":[{"href":"https:\/\/topofclimb.es\/en\/wp-json\/wp\/v2\/product"}],"about":[{"href":"https:\/\/topofclimb.es\/en\/wp-json\/wp\/v2\/types\/product"}],"wp:featuredmedia":[{"embeddable":true,"href":"https:\/\/topofclimb.es\/en\/wp-json\/wp\/v2\/media\/9422"}],"wp:attachment":[{"href":"https:\/\/topofclimb.es\/en\/wp-json\/wp\/v2\/media?parent=9421"}],"wp:term":[{"taxonomy":"product_brand","embeddable":true,"href":"https:\/\/topofclimb.es\/en\/wp-json\/wp\/v2\/product_brand?post=9421"},{"taxonomy":"product_cat","embeddable":true,"href":"https:\/\/topofclimb.es\/en\/wp-json\/wp\/v2\/product_cat?post=9421"},{"taxonomy":"product_tag","embeddable":true,"href":"https:\/\/topofclimb.es\/en\/wp-json\/wp\/v2\/product_tag?post=9421"}],"curies":[{"name":"wp","href":"https:\/\/api.w.org\/{rel}","templated":true}]}}