{"id":9410,"date":"2024-10-11T13:42:24","date_gmt":"2024-10-11T13:42:24","guid":{"rendered":"https:\/?post_type=product&#038;p=9410"},"modified":"2026-01-20T07:35:48","modified_gmt":"2026-01-20T07:35:48","slug":"pulsera-espana-trenzada-borde-azul","status":"publish","type":"product","link":"https:\/\/topofclimb.es\/en\/product\/pulsera-espana-trenzada-borde-azul\/","title":{"rendered":"PULSERA ESPA\u00d1A TRENZADA BORDE AZUL"},"content":{"rendered":"<p>Pulsera azul trenzada con la bandera de Espa\u00f1a y cierre met\u00e1lico.<\/p>","protected":false},"excerpt":{"rendered":"<p>Pulsera azul trenzada con la bandera de Espa\u00f1a y cierre met\u00e1lico.<\/p>","protected":false},"featured_media":9411,"template":"","meta":[],"product_brand":[],"product_cat":[116],"product_tag":[],"class_list":{"0":"post-9410","1":"product","2":"type-product","3":"status-publish","4":"has-post-thumbnail","6":"product_cat-pulseras","8":"first","9":"instock","10":"taxable","11":"shipping-taxable","12":"purchasable","13":"product-type-simple"},"_links":{"self":[{"href":"https:\/\/topofclimb.es\/en\/wp-json\/wp\/v2\/product\/9410","targetHints":{"allow":["GET"]}}],"collection":[{"href":"https:\/\/topofclimb.es\/en\/wp-json\/wp\/v2\/product"}],"about":[{"href":"https:\/\/topofclimb.es\/en\/wp-json\/wp\/v2\/types\/product"}],"wp:featuredmedia":[{"embeddable":true,"href":"https:\/\/topofclimb.es\/en\/wp-json\/wp\/v2\/media\/9411"}],"wp:attachment":[{"href":"https:\/\/topofclimb.es\/en\/wp-json\/wp\/v2\/media?parent=9410"}],"wp:term":[{"taxonomy":"product_brand","embeddable":true,"href":"https:\/\/topofclimb.es\/en\/wp-json\/wp\/v2\/product_brand?post=9410"},{"taxonomy":"product_cat","embeddable":true,"href":"https:\/\/topofclimb.es\/en\/wp-json\/wp\/v2\/product_cat?post=9410"},{"taxonomy":"product_tag","embeddable":true,"href":"https:\/\/topofclimb.es\/en\/wp-json\/wp\/v2\/product_tag?post=9410"}],"curies":[{"name":"wp","href":"https:\/\/api.w.org\/{rel}","templated":true}]}}