{"id":9408,"date":"2024-10-11T13:39:12","date_gmt":"2024-10-11T13:39:12","guid":{"rendered":"https:\/?post_type=product&#038;p=9408"},"modified":"2026-01-20T08:32:50","modified_gmt":"2026-01-20T08:32:50","slug":"pulsera-espana-trenzada-cierre-metalico","status":"publish","type":"product","link":"https:\/\/topofclimb.es\/en\/product\/pulsera-espana-trenzada-cierre-metalico\/","title":{"rendered":"PULSERA ESPA\u00d1A TRENZADA CIERRE METALICO"},"content":{"rendered":"<h4>Pulsera negra trenzada con la bandera de Espa\u00f1a y cierre met\u00e1lico.<\/h4>","protected":false},"excerpt":{"rendered":"<h4>Pulsera negra trenzada con la bandera de Espa\u00f1a y cierre met\u00e1lico.<\/h4>","protected":false},"featured_media":9409,"template":"","meta":[],"product_brand":[],"product_cat":[116],"product_tag":[],"class_list":{"0":"post-9408","1":"product","2":"type-product","3":"status-publish","4":"has-post-thumbnail","6":"product_cat-pulseras","8":"first","9":"instock","10":"taxable","11":"shipping-taxable","12":"purchasable","13":"product-type-simple"},"_links":{"self":[{"href":"https:\/\/topofclimb.es\/en\/wp-json\/wp\/v2\/product\/9408","targetHints":{"allow":["GET"]}}],"collection":[{"href":"https:\/\/topofclimb.es\/en\/wp-json\/wp\/v2\/product"}],"about":[{"href":"https:\/\/topofclimb.es\/en\/wp-json\/wp\/v2\/types\/product"}],"wp:featuredmedia":[{"embeddable":true,"href":"https:\/\/topofclimb.es\/en\/wp-json\/wp\/v2\/media\/9409"}],"wp:attachment":[{"href":"https:\/\/topofclimb.es\/en\/wp-json\/wp\/v2\/media?parent=9408"}],"wp:term":[{"taxonomy":"product_brand","embeddable":true,"href":"https:\/\/topofclimb.es\/en\/wp-json\/wp\/v2\/product_brand?post=9408"},{"taxonomy":"product_cat","embeddable":true,"href":"https:\/\/topofclimb.es\/en\/wp-json\/wp\/v2\/product_cat?post=9408"},{"taxonomy":"product_tag","embeddable":true,"href":"https:\/\/topofclimb.es\/en\/wp-json\/wp\/v2\/product_tag?post=9408"}],"curies":[{"name":"wp","href":"https:\/\/api.w.org\/{rel}","templated":true}]}}