{"id":9394,"date":"2024-10-11T13:13:18","date_gmt":"2024-10-11T13:13:18","guid":{"rendered":"https:\/?post_type=product&#038;p=9394"},"modified":"2026-03-12T14:03:26","modified_gmt":"2026-03-12T14:03:26","slug":"pin-emblema-guardia-civil","status":"publish","type":"product","link":"https:\/\/topofclimb.es\/en\/product\/pin-emblema-guardia-civil\/","title":{"rendered":"PIN EMBLEMA GUARDIA CIVIL"},"content":{"rendered":"<p>Elegante pin del escudo de la Guardia Civil en aluminio ba\u00f1ado en oro. A\u00f1ade un toque de distinci\u00f3n y profesionalismo a tu atuendo con estos duraderos y sofisticados pines.<\/p>","protected":false},"excerpt":{"rendered":"<p>Los nuevos pins premium son piezas de alta calidad creadas en taller de joyer\u00eda y con los mismos acabados de una pieza de alto valor.<\/p>\n<p>Pin con el emblema de la Guardia Civil.<\/p>\n<p>Acabado con brillo dorado y esmalte de alta calidad de joyer\u00eda.<\/p>","protected":false},"featured_media":9395,"template":"","meta":[],"product_brand":[],"product_cat":[310,323,126],"product_tag":[],"class_list":{"0":"post-9394","1":"product","2":"type-product","3":"status-publish","4":"has-post-thumbnail","6":"product_cat-guardia-civil","7":"product_cat-insignias","8":"product_cat-joyeria","10":"first","11":"instock","12":"taxable","13":"shipping-taxable","14":"purchasable","15":"product-type-simple"},"_links":{"self":[{"href":"https:\/\/topofclimb.es\/en\/wp-json\/wp\/v2\/product\/9394","targetHints":{"allow":["GET"]}}],"collection":[{"href":"https:\/\/topofclimb.es\/en\/wp-json\/wp\/v2\/product"}],"about":[{"href":"https:\/\/topofclimb.es\/en\/wp-json\/wp\/v2\/types\/product"}],"wp:featuredmedia":[{"embeddable":true,"href":"https:\/\/topofclimb.es\/en\/wp-json\/wp\/v2\/media\/9395"}],"wp:attachment":[{"href":"https:\/\/topofclimb.es\/en\/wp-json\/wp\/v2\/media?parent=9394"}],"wp:term":[{"taxonomy":"product_brand","embeddable":true,"href":"https:\/\/topofclimb.es\/en\/wp-json\/wp\/v2\/product_brand?post=9394"},{"taxonomy":"product_cat","embeddable":true,"href":"https:\/\/topofclimb.es\/en\/wp-json\/wp\/v2\/product_cat?post=9394"},{"taxonomy":"product_tag","embeddable":true,"href":"https:\/\/topofclimb.es\/en\/wp-json\/wp\/v2\/product_tag?post=9394"}],"curies":[{"name":"wp","href":"https:\/\/api.w.org\/{rel}","templated":true}]}}