{"id":9378,"date":"2024-10-11T12:46:31","date_gmt":"2024-10-11T12:46:31","guid":{"rendered":"https:\/?post_type=product&#038;p=9378"},"modified":"2025-12-18T15:54:29","modified_gmt":"2025-12-18T15:54:29","slug":"adhesivo-guardia-civil-clasico","status":"publish","type":"product","link":"https:\/\/topofclimb.es\/en\/product\/adhesivo-guardia-civil-clasico\/","title":{"rendered":"ADHESIVO GUARDIA CIVIL CLASICO"},"content":{"rendered":"<h4>Juego de dos adhesivos de vinilo de impresi\u00f3n\u00a0ovalados con los escudos de la Guardia Civil.<\/h4>\n<h4>Establecida en 1844, la Guardia Civil es una fuerza de seguridad integral en Espa\u00f1a, incluyendo tareas policiales y militares, desempe\u00f1ando un papel esencial en la seguridad ciudadana y la defensa del orden p\u00fablico.<\/h4>","protected":false},"excerpt":{"rendered":"<p>Adhesivos de vinilo laminado mate con el escudo ovalado de la Guardia Civil.<\/p>\n<p>Tama\u00f1o aprox. 9 y 6 cm.<\/p>","protected":false},"featured_media":9379,"template":"","meta":[],"product_brand":[],"product_cat":[168,310],"product_tag":[],"class_list":{"0":"post-9378","1":"product","2":"type-product","3":"status-publish","4":"has-post-thumbnail","6":"product_cat-adhesivos","7":"product_cat-guardia-civil","9":"first","10":"instock","11":"taxable","12":"shipping-taxable","13":"purchasable","14":"product-type-simple"},"_links":{"self":[{"href":"https:\/\/topofclimb.es\/en\/wp-json\/wp\/v2\/product\/9378","targetHints":{"allow":["GET"]}}],"collection":[{"href":"https:\/\/topofclimb.es\/en\/wp-json\/wp\/v2\/product"}],"about":[{"href":"https:\/\/topofclimb.es\/en\/wp-json\/wp\/v2\/types\/product"}],"wp:featuredmedia":[{"embeddable":true,"href":"https:\/\/topofclimb.es\/en\/wp-json\/wp\/v2\/media\/9379"}],"wp:attachment":[{"href":"https:\/\/topofclimb.es\/en\/wp-json\/wp\/v2\/media?parent=9378"}],"wp:term":[{"taxonomy":"product_brand","embeddable":true,"href":"https:\/\/topofclimb.es\/en\/wp-json\/wp\/v2\/product_brand?post=9378"},{"taxonomy":"product_cat","embeddable":true,"href":"https:\/\/topofclimb.es\/en\/wp-json\/wp\/v2\/product_cat?post=9378"},{"taxonomy":"product_tag","embeddable":true,"href":"https:\/\/topofclimb.es\/en\/wp-json\/wp\/v2\/product_tag?post=9378"}],"curies":[{"name":"wp","href":"https:\/\/api.w.org\/{rel}","templated":true}]}}