{"id":9374,"date":"2024-10-11T12:39:57","date_gmt":"2024-10-11T12:39:57","guid":{"rendered":"https:\/?post_type=product&#038;p=9374"},"modified":"2026-02-17T08:42:51","modified_gmt":"2026-02-17T08:42:51","slug":"parche-nylon-guardia-civil-175-aniversario","status":"publish","type":"product","link":"https:\/\/topofclimb.es\/en\/product\/parche-nylon-guardia-civil-175-aniversario\/","title":{"rendered":"PARCHE NYLON GUARDIA CIVIL 175 ANIVERSARIO"},"content":{"rendered":"<h4>Establecida en 1844, la Guardia Civil es una fuerza de seguridad integral en Espa\u00f1a, incluyendo tareas policiales y militares, desempe\u00f1ando un papel esencial en la seguridad ciudadana y la defensa del orden p\u00fablico.<\/h4>","protected":false},"excerpt":{"rendered":"<p style=\"font-weight: 400;\"><b><strong>Accesorio de 90 mm de di\u00e1metro, fabricado en nylon mediante impresi\u00f3n 3D para garantizar una alta calidad. Gracias a este m\u00e9todo de fabricaci\u00f3n, los colores se reproducen con gran definici\u00f3n y precisi\u00f3n. Adem\u00e1s, viene con velcro que facilita su uso y cambio, permitiendo una f\u00e1cil personalizaci\u00f3n en diferentes prendas.<\/strong><\/b><\/p>\n<p style=\"font-weight: 400;\"><b><strong>Incluye parte trasera.<\/strong><\/b><\/p>\n<p style=\"font-weight: 400;\"><b><strong>Impresi\u00f3n de alta\u00a0resoluci\u00f3n.<\/strong><\/b><\/p>","protected":false},"featured_media":9375,"template":"","meta":[],"product_brand":[],"product_cat":[310,174],"product_tag":[],"class_list":{"0":"post-9374","1":"product","2":"type-product","3":"status-publish","4":"has-post-thumbnail","6":"product_cat-guardia-civil","7":"product_cat-parches","9":"first","10":"instock","11":"taxable","12":"shipping-taxable","13":"purchasable","14":"product-type-simple"},"_links":{"self":[{"href":"https:\/\/topofclimb.es\/en\/wp-json\/wp\/v2\/product\/9374","targetHints":{"allow":["GET"]}}],"collection":[{"href":"https:\/\/topofclimb.es\/en\/wp-json\/wp\/v2\/product"}],"about":[{"href":"https:\/\/topofclimb.es\/en\/wp-json\/wp\/v2\/types\/product"}],"wp:featuredmedia":[{"embeddable":true,"href":"https:\/\/topofclimb.es\/en\/wp-json\/wp\/v2\/media\/9375"}],"wp:attachment":[{"href":"https:\/\/topofclimb.es\/en\/wp-json\/wp\/v2\/media?parent=9374"}],"wp:term":[{"taxonomy":"product_brand","embeddable":true,"href":"https:\/\/topofclimb.es\/en\/wp-json\/wp\/v2\/product_brand?post=9374"},{"taxonomy":"product_cat","embeddable":true,"href":"https:\/\/topofclimb.es\/en\/wp-json\/wp\/v2\/product_cat?post=9374"},{"taxonomy":"product_tag","embeddable":true,"href":"https:\/\/topofclimb.es\/en\/wp-json\/wp\/v2\/product_tag?post=9374"}],"curies":[{"name":"wp","href":"https:\/\/api.w.org\/{rel}","templated":true}]}}