{"id":9372,"date":"2024-10-10T18:33:23","date_gmt":"2024-10-10T18:33:23","guid":{"rendered":"https:\/?post_type=product&#038;p=9372"},"modified":"2025-12-02T19:29:11","modified_gmt":"2025-12-02T19:29:11","slug":"reloj-hombre","status":"publish","type":"product","link":"https:\/\/topofclimb.es\/en\/product\/reloj-hombre\/","title":{"rendered":"Reloj deportivo hombre"},"content":{"rendered":"<p><span data-sheets-value=\"{&quot;1&quot;:2,&quot;2&quot;:&quot;Reloj anal\u00f3gico de hombre con esfera blanca deportiva y de aspecto elegante. Adecuado para cualquier ocasi\u00f3n, ya sea formal o casual. Dispone de correa negra fabricada en caucho de alta calidad, con ajuste f\u00e1cil, c\u00f3modo y flexible. Dise\u00f1o con tres esferas y calendario de fecha. La caja es de acero resistente al agua hasta 5 ATM. Grabado de Top of Climb en el reverso. &quot;}\" data-sheets-userformat=\"{&quot;2&quot;:14593,&quot;3&quot;:{&quot;1&quot;:0,&quot;3&quot;:1},&quot;11&quot;:4,&quot;14&quot;:{&quot;1&quot;:3,&quot;3&quot;:1},&quot;15&quot;:&quot;Calibri&quot;,&quot;16&quot;:11}\">Reloj anal\u00f3gico de hombre con esfera blanca deportiva y de aspecto elegante. Adecuado para cualquier ocasi\u00f3n, ya sea formal o casual. Dispone de correa negra fabricada en caucho de alta calidad, con ajuste f\u00e1cil, c\u00f3modo y flexible. Dise\u00f1o con tres esferas y calendario de fecha. La caja es de acero resistente al agua hasta 5 ATM. Grabado de Top of Climb en el reverso.<\/span><\/p>","protected":false},"excerpt":{"rendered":"<p>Reloj anal\u00f3gico de hombre con esfera blanca deportiva y de aspecto elegante. Adecuado para cualquier ocasi\u00f3n, ya sea formal o casual. Dispone de correa negra fabricada en caucho de alta calidad, con ajuste f\u00e1cil, c\u00f3modo y flexible. Dise\u00f1o con tres esferas y calendario de fecha. La caja es de acero resistente al agua hasta 5 [&#8230;]\n","protected":false},"featured_media":475,"template":"","meta":[],"product_brand":[],"product_cat":[83],"product_tag":[],"class_list":{"0":"post-9372","1":"product","2":"type-product","3":"status-publish","4":"has-post-thumbnail","6":"product_cat-relojes","8":"first","9":"instock","10":"taxable","11":"shipping-taxable","12":"purchasable","13":"product-type-simple"},"_links":{"self":[{"href":"https:\/\/topofclimb.es\/en\/wp-json\/wp\/v2\/product\/9372","targetHints":{"allow":["GET"]}}],"collection":[{"href":"https:\/\/topofclimb.es\/en\/wp-json\/wp\/v2\/product"}],"about":[{"href":"https:\/\/topofclimb.es\/en\/wp-json\/wp\/v2\/types\/product"}],"wp:featuredmedia":[{"embeddable":true,"href":"https:\/\/topofclimb.es\/en\/wp-json\/wp\/v2\/media\/475"}],"wp:attachment":[{"href":"https:\/\/topofclimb.es\/en\/wp-json\/wp\/v2\/media?parent=9372"}],"wp:term":[{"taxonomy":"product_brand","embeddable":true,"href":"https:\/\/topofclimb.es\/en\/wp-json\/wp\/v2\/product_brand?post=9372"},{"taxonomy":"product_cat","embeddable":true,"href":"https:\/\/topofclimb.es\/en\/wp-json\/wp\/v2\/product_cat?post=9372"},{"taxonomy":"product_tag","embeddable":true,"href":"https:\/\/topofclimb.es\/en\/wp-json\/wp\/v2\/product_tag?post=9372"}],"curies":[{"name":"wp","href":"https:\/\/api.w.org\/{rel}","templated":true}]}}