{"id":9293,"date":"2024-08-23T14:41:56","date_gmt":"2024-08-23T14:41:56","guid":{"rendered":"https:\/?post_type=product&#038;p=9293"},"modified":"2026-02-04T10:15:00","modified_gmt":"2026-02-04T10:15:00","slug":"maqueta-airbus-a350-1000-etihad-airways-1-200","status":"publish","type":"product","link":"https:\/\/topofclimb.es\/en\/product\/maqueta-airbus-a350-1000-etihad-airways-1-200\/","title":{"rendered":"Maqueta Airbus A350-1000 Etihad Airways 1\/200"},"content":{"rendered":"<p>La Maqueta Airbus A350-1000 Etihad Airways est\u00e1 fabricada con pl\u00e1stico de alta calidad y con gran calidad de detalles.<\/p>\n<p class=\"p1\"><span class=\"s1\"><strong>Aerol\u00ednea<\/strong>: Etihad Airways<\/span><\/p>\n<p class=\"p1\"><span class=\"s1\"><strong>Modelo<\/strong>: Airbus A350-1000<\/span><\/p>\n<p class=\"p1\"><span class=\"s1\"><strong>Escala<\/strong>: 1\/200<\/span><\/p>\n<p class=\"p1\"><span class=\"s1\"><strong>Material<\/strong>: Pl\u00e1stico de Alta calidad<\/span><\/p>\n<p><strong>Accesorios incluidos<\/strong>: Peana<\/p>","protected":false},"excerpt":{"rendered":"<p>La Maqueta Airbus A350-1000 Etihad Airways est\u00e1 fabricada con pl\u00e1stico de alta calidad y con gran calidad de detalles. Aerol\u00ednea: Etihad Airways Modelo: Airbus A350-1000 Escala: 1\/200 Material: Pl\u00e1stico de Alta calidad Accesorios incluidos: Peana<\/p>","protected":false},"featured_media":9294,"template":"","meta":[],"product_brand":[],"product_cat":[309],"product_tag":[],"class_list":{"0":"post-9293","1":"product","2":"type-product","3":"status-publish","4":"has-post-thumbnail","6":"product_cat-maquetas","8":"first","9":"instock","10":"taxable","11":"shipping-taxable","12":"purchasable","13":"product-type-simple"},"_links":{"self":[{"href":"https:\/\/topofclimb.es\/en\/wp-json\/wp\/v2\/product\/9293","targetHints":{"allow":["GET"]}}],"collection":[{"href":"https:\/\/topofclimb.es\/en\/wp-json\/wp\/v2\/product"}],"about":[{"href":"https:\/\/topofclimb.es\/en\/wp-json\/wp\/v2\/types\/product"}],"wp:featuredmedia":[{"embeddable":true,"href":"https:\/\/topofclimb.es\/en\/wp-json\/wp\/v2\/media\/9294"}],"wp:attachment":[{"href":"https:\/\/topofclimb.es\/en\/wp-json\/wp\/v2\/media?parent=9293"}],"wp:term":[{"taxonomy":"product_brand","embeddable":true,"href":"https:\/\/topofclimb.es\/en\/wp-json\/wp\/v2\/product_brand?post=9293"},{"taxonomy":"product_cat","embeddable":true,"href":"https:\/\/topofclimb.es\/en\/wp-json\/wp\/v2\/product_cat?post=9293"},{"taxonomy":"product_tag","embeddable":true,"href":"https:\/\/topofclimb.es\/en\/wp-json\/wp\/v2\/product_tag?post=9293"}],"curies":[{"name":"wp","href":"https:\/\/api.w.org\/{rel}","templated":true}]}}