{"id":9285,"date":"2024-08-23T14:00:34","date_gmt":"2024-08-23T14:00:34","guid":{"rendered":"https:\/?post_type=product&#038;p=9285"},"modified":"2026-01-04T14:15:21","modified_gmt":"2026-01-04T14:15:21","slug":"maqueta-boeing-braniff-lime-green-b-707-300-1-144","status":"publish","type":"product","link":"https:\/\/topofclimb.es\/en\/product\/maqueta-boeing-braniff-lime-green-b-707-300-1-144\/","title":{"rendered":"Maqueta Boeing Braniff Lime Green B 707-300 1\/144"},"content":{"rendered":"<p>La Maqueta Boeing B 707-300 Braniff International est\u00e1 fabricada con pl\u00e1stico de alta calidad y con gran calidad de detalles.<\/p>\n<ul>\n<li>Aerol\u00ednea: Braniff International<\/li>\n<li>Modelo: Boeing B707-300<\/li>\n<li>Escala: 1\/144<\/li>\n<li>Material: Pl\u00e1stico de alta calidad<\/li>\n<li>Accesorios incluidos: Peana<\/li>\n<li>Tama\u00f1o de la maqueta: 30.8 cm de ancho x 32.4 cm de largo x 9 cm de alto<\/li>\n<\/ul>","protected":false},"excerpt":{"rendered":"<p>La Maqueta Boeing B 707-300 Braniff International est\u00e1 fabricada con pl\u00e1stico de alta calidad y con gran calidad de detalles. Aerol\u00ednea: Braniff International Modelo: Boeing B707-300 Escala: 1\/144 Material: Pl\u00e1stico de alta calidad Accesorios incluidos: Peana Tama\u00f1o de la maqueta: 30.8 cm de ancho x 32.4 cm de largo x 9 cm de alto<\/p>","protected":false},"featured_media":9286,"template":"","meta":[],"product_brand":[],"product_cat":[309],"product_tag":[],"class_list":{"0":"post-9285","1":"product","2":"type-product","3":"status-publish","4":"has-post-thumbnail","6":"product_cat-maquetas","8":"first","9":"instock","10":"taxable","11":"shipping-taxable","12":"purchasable","13":"product-type-simple"},"_links":{"self":[{"href":"https:\/\/topofclimb.es\/en\/wp-json\/wp\/v2\/product\/9285","targetHints":{"allow":["GET"]}}],"collection":[{"href":"https:\/\/topofclimb.es\/en\/wp-json\/wp\/v2\/product"}],"about":[{"href":"https:\/\/topofclimb.es\/en\/wp-json\/wp\/v2\/types\/product"}],"wp:featuredmedia":[{"embeddable":true,"href":"https:\/\/topofclimb.es\/en\/wp-json\/wp\/v2\/media\/9286"}],"wp:attachment":[{"href":"https:\/\/topofclimb.es\/en\/wp-json\/wp\/v2\/media?parent=9285"}],"wp:term":[{"taxonomy":"product_brand","embeddable":true,"href":"https:\/\/topofclimb.es\/en\/wp-json\/wp\/v2\/product_brand?post=9285"},{"taxonomy":"product_cat","embeddable":true,"href":"https:\/\/topofclimb.es\/en\/wp-json\/wp\/v2\/product_cat?post=9285"},{"taxonomy":"product_tag","embeddable":true,"href":"https:\/\/topofclimb.es\/en\/wp-json\/wp\/v2\/product_tag?post=9285"}],"curies":[{"name":"wp","href":"https:\/\/api.w.org\/{rel}","templated":true}]}}