{"id":9269,"date":"2024-07-10T16:40:53","date_gmt":"2024-07-10T16:40:53","guid":{"rendered":"https:\/?post_type=product&#038;p=9269"},"modified":"2026-01-14T11:10:23","modified_gmt":"2026-01-14T11:10:23","slug":"gafas-de-sol-gemini-smoke","status":"publish","type":"product","link":"https:\/\/topofclimb.es\/en\/product\/gafas-de-sol-gemini-smoke\/","title":{"rendered":"Gafas de sol Gemini Smoke"},"content":{"rendered":"<p>Gafas de sol Gemini Black especialmente dise\u00f1adas para pilotos. Una de las mejores lentes del mundo aplicada en una c\u00f3moda montura.<br \/>\nMantiene la distribuci\u00f3n real del color y el contraste en todas las condiciones de luz y terreno.<\/p>\n<p>Uso recomendado: conducci\u00f3n, playa, paseos en bote, pesca, aviaci\u00f3n y nieve.<\/p>","protected":false},"excerpt":{"rendered":"<p>Gafas de sol Gemini Black especialmente dise\u00f1adas para pilotos. Una de las mejores lentes del mundo aplicada en una c\u00f3moda montura. Mantiene la distribuci\u00f3n real del color y el contraste en todas las condiciones de luz y terreno. Uso recomendado: conducci\u00f3n, playa, paseos en bote, pesca, aviaci\u00f3n y nieve.<\/p>","protected":false},"featured_media":9259,"template":"","meta":[],"product_brand":[],"product_cat":[308,321],"product_tag":[],"class_list":{"0":"post-9269","1":"product","2":"type-product","3":"status-publish","4":"has-post-thumbnail","6":"product_cat-gafas-de-sol","7":"product_cat-gafas-de-sol-2","9":"first","10":"instock","11":"taxable","12":"shipping-taxable","13":"purchasable","14":"product-type-simple"},"_links":{"self":[{"href":"https:\/\/topofclimb.es\/en\/wp-json\/wp\/v2\/product\/9269","targetHints":{"allow":["GET"]}}],"collection":[{"href":"https:\/\/topofclimb.es\/en\/wp-json\/wp\/v2\/product"}],"about":[{"href":"https:\/\/topofclimb.es\/en\/wp-json\/wp\/v2\/types\/product"}],"wp:featuredmedia":[{"embeddable":true,"href":"https:\/\/topofclimb.es\/en\/wp-json\/wp\/v2\/media\/9259"}],"wp:attachment":[{"href":"https:\/\/topofclimb.es\/en\/wp-json\/wp\/v2\/media?parent=9269"}],"wp:term":[{"taxonomy":"product_brand","embeddable":true,"href":"https:\/\/topofclimb.es\/en\/wp-json\/wp\/v2\/product_brand?post=9269"},{"taxonomy":"product_cat","embeddable":true,"href":"https:\/\/topofclimb.es\/en\/wp-json\/wp\/v2\/product_cat?post=9269"},{"taxonomy":"product_tag","embeddable":true,"href":"https:\/\/topofclimb.es\/en\/wp-json\/wp\/v2\/product_tag?post=9269"}],"curies":[{"name":"wp","href":"https:\/\/api.w.org\/{rel}","templated":true}]}}