{"id":9242,"date":"2024-07-01T12:34:06","date_gmt":"2024-07-01T12:34:06","guid":{"rendered":"https:\/?post_type=product&#038;p=9242"},"modified":"2026-01-08T12:28:37","modified_gmt":"2026-01-08T12:28:37","slug":"adhesivos-espana","status":"publish","type":"product","link":"https:\/\/topofclimb.es\/en\/product\/adhesivos-espana\/","title":{"rendered":"Adhesivos Espa\u00f1a"},"content":{"rendered":"<p>Juego de dos adhesivos de vinilo de impresi\u00f3n con bandera de Espa\u00f1a.<\/p>\n<p>Tama\u00f1o aprox. 5 y 7 cm.<\/p>","protected":false},"excerpt":{"rendered":"<p>Juego de dos adhesivos de vinilo de impresi\u00f3n con bandera de Espa\u00f1a. Tama\u00f1o aprox. 5 y 7 cm.<\/p>","protected":false},"featured_media":9243,"template":"","meta":[],"product_brand":[],"product_cat":[71,168],"product_tag":[],"class_list":{"0":"post-9242","1":"product","2":"type-product","3":"status-publish","4":"has-post-thumbnail","6":"product_cat-accesorios","7":"product_cat-adhesivos","9":"first","10":"instock","11":"taxable","12":"shipping-taxable","13":"purchasable","14":"product-type-simple"},"_links":{"self":[{"href":"https:\/\/topofclimb.es\/en\/wp-json\/wp\/v2\/product\/9242","targetHints":{"allow":["GET"]}}],"collection":[{"href":"https:\/\/topofclimb.es\/en\/wp-json\/wp\/v2\/product"}],"about":[{"href":"https:\/\/topofclimb.es\/en\/wp-json\/wp\/v2\/types\/product"}],"wp:featuredmedia":[{"embeddable":true,"href":"https:\/\/topofclimb.es\/en\/wp-json\/wp\/v2\/media\/9243"}],"wp:attachment":[{"href":"https:\/\/topofclimb.es\/en\/wp-json\/wp\/v2\/media?parent=9242"}],"wp:term":[{"taxonomy":"product_brand","embeddable":true,"href":"https:\/\/topofclimb.es\/en\/wp-json\/wp\/v2\/product_brand?post=9242"},{"taxonomy":"product_cat","embeddable":true,"href":"https:\/\/topofclimb.es\/en\/wp-json\/wp\/v2\/product_cat?post=9242"},{"taxonomy":"product_tag","embeddable":true,"href":"https:\/\/topofclimb.es\/en\/wp-json\/wp\/v2\/product_tag?post=9242"}],"curies":[{"name":"wp","href":"https:\/\/api.w.org\/{rel}","templated":true}]}}