{"id":744,"date":"2024-02-26T12:38:20","date_gmt":"2024-02-26T12:38:20","guid":{"rendered":"https:\/?post_type=product&#038;p=744"},"modified":"2025-11-23T13:34:51","modified_gmt":"2025-11-23T13:34:51","slug":"llavero-de-tela-atletico-aviacion","status":"publish","type":"product","link":"https:\/\/topofclimb.es\/en\/product\/llavero-de-tela-atletico-aviacion\/","title":{"rendered":"Llavero de tela Atl\u00e9tico Aviaci\u00f3n"},"content":{"rendered":"<p>Llavero de tela Atl\u00e9tico Aviaci\u00f3n<\/p>","protected":false},"excerpt":{"rendered":"<p>Llavero de tela Atl\u00e9tico Aviaci\u00f3n<\/p>","protected":false},"featured_media":1023,"template":"","meta":[],"product_brand":[],"product_cat":[163],"product_tag":[248,209,164,119],"class_list":{"0":"post-744","1":"product","2":"type-product","3":"status-publish","4":"has-post-thumbnail","6":"product_cat-llaveros-accesorios","7":"product_tag-atletico","8":"product_tag-aviacion","9":"product_tag-llavero","10":"product_tag-tela","12":"first","13":"outofstock","14":"taxable","15":"shipping-taxable","16":"purchasable","17":"product-type-simple"},"_links":{"self":[{"href":"https:\/\/topofclimb.es\/en\/wp-json\/wp\/v2\/product\/744","targetHints":{"allow":["GET"]}}],"collection":[{"href":"https:\/\/topofclimb.es\/en\/wp-json\/wp\/v2\/product"}],"about":[{"href":"https:\/\/topofclimb.es\/en\/wp-json\/wp\/v2\/types\/product"}],"wp:featuredmedia":[{"embeddable":true,"href":"https:\/\/topofclimb.es\/en\/wp-json\/wp\/v2\/media\/1023"}],"wp:attachment":[{"href":"https:\/\/topofclimb.es\/en\/wp-json\/wp\/v2\/media?parent=744"}],"wp:term":[{"taxonomy":"product_brand","embeddable":true,"href":"https:\/\/topofclimb.es\/en\/wp-json\/wp\/v2\/product_brand?post=744"},{"taxonomy":"product_cat","embeddable":true,"href":"https:\/\/topofclimb.es\/en\/wp-json\/wp\/v2\/product_cat?post=744"},{"taxonomy":"product_tag","embeddable":true,"href":"https:\/\/topofclimb.es\/en\/wp-json\/wp\/v2\/product_tag?post=744"}],"curies":[{"name":"wp","href":"https:\/\/api.w.org\/{rel}","templated":true}]}}