{"id":732,"date":"2024-02-26T12:38:08","date_gmt":"2024-02-26T12:38:08","guid":{"rendered":"https:\/?post_type=product&#038;p=732"},"modified":"2026-01-03T15:28:30","modified_gmt":"2026-01-03T15:28:30","slug":"pin-eurofighter-oro","status":"publish","type":"product","link":"https:\/\/topofclimb.es\/en\/product\/pin-eurofighter-oro\/","title":{"rendered":"Pin Eurofighter Oro"},"content":{"rendered":"<p>Elegante pin del\u00a0Eurofighter en aluminio ba\u00f1ado en oro. A\u00f1ade un toque de distinci\u00f3n y profesionalismo a tu atuendo con estos duraderos y sofisticados pines.<\/p>","protected":false},"excerpt":{"rendered":"<p>Pin Eurofighter Oro<\/p>","protected":false},"featured_media":1169,"template":"","meta":[],"product_brand":[],"product_cat":[121,323],"product_tag":[90,230],"class_list":{"0":"post-732","1":"product","2":"type-product","3":"status-publish","4":"has-post-thumbnail","6":"product_cat-bisuteria","7":"product_cat-insignias","8":"product_tag-eurofighter","9":"product_tag-pin","11":"first","12":"instock","13":"taxable","14":"shipping-taxable","15":"purchasable","16":"product-type-simple"},"_links":{"self":[{"href":"https:\/\/topofclimb.es\/en\/wp-json\/wp\/v2\/product\/732","targetHints":{"allow":["GET"]}}],"collection":[{"href":"https:\/\/topofclimb.es\/en\/wp-json\/wp\/v2\/product"}],"about":[{"href":"https:\/\/topofclimb.es\/en\/wp-json\/wp\/v2\/types\/product"}],"wp:featuredmedia":[{"embeddable":true,"href":"https:\/\/topofclimb.es\/en\/wp-json\/wp\/v2\/media\/1169"}],"wp:attachment":[{"href":"https:\/\/topofclimb.es\/en\/wp-json\/wp\/v2\/media?parent=732"}],"wp:term":[{"taxonomy":"product_brand","embeddable":true,"href":"https:\/\/topofclimb.es\/en\/wp-json\/wp\/v2\/product_brand?post=732"},{"taxonomy":"product_cat","embeddable":true,"href":"https:\/\/topofclimb.es\/en\/wp-json\/wp\/v2\/product_cat?post=732"},{"taxonomy":"product_tag","embeddable":true,"href":"https:\/\/topofclimb.es\/en\/wp-json\/wp\/v2\/product_tag?post=732"}],"curies":[{"name":"wp","href":"https:\/\/api.w.org\/{rel}","templated":true}]}}