{"id":730,"date":"2024-02-26T12:38:07","date_gmt":"2024-02-26T12:38:07","guid":{"rendered":"https:\/?post_type=product&#038;p=730"},"modified":"2025-11-29T11:49:48","modified_gmt":"2025-11-29T11:49:48","slug":"pin-avion-airbus-350","status":"publish","type":"product","link":"https:\/\/topofclimb.es\/en\/product\/pin-avion-airbus-350\/","title":{"rendered":"Pin avi\u00f3n AIRBUS 350"},"content":{"rendered":"<p>Elegante pin del AIRBUS 350 en aluminio ba\u00f1ado en oro. A\u00f1ade un toque de distinci\u00f3n y profesionalismo a tu atuendo con estos duraderos y sofisticados pines.<\/p>","protected":false},"excerpt":{"rendered":"<p>Pin avi\u00f3n AIRBUS 350<\/p>","protected":false},"featured_media":1417,"template":"","meta":[],"product_brand":[],"product_cat":[121,323],"product_tag":[233,230],"class_list":{"0":"post-730","1":"product","2":"type-product","3":"status-publish","4":"has-post-thumbnail","6":"product_cat-bisuteria","7":"product_cat-insignias","8":"product_tag-airbus-350","9":"product_tag-pin","11":"first","12":"outofstock","13":"taxable","14":"shipping-taxable","15":"purchasable","16":"product-type-simple"},"_links":{"self":[{"href":"https:\/\/topofclimb.es\/en\/wp-json\/wp\/v2\/product\/730","targetHints":{"allow":["GET"]}}],"collection":[{"href":"https:\/\/topofclimb.es\/en\/wp-json\/wp\/v2\/product"}],"about":[{"href":"https:\/\/topofclimb.es\/en\/wp-json\/wp\/v2\/types\/product"}],"wp:featuredmedia":[{"embeddable":true,"href":"https:\/\/topofclimb.es\/en\/wp-json\/wp\/v2\/media\/1417"}],"wp:attachment":[{"href":"https:\/\/topofclimb.es\/en\/wp-json\/wp\/v2\/media?parent=730"}],"wp:term":[{"taxonomy":"product_brand","embeddable":true,"href":"https:\/\/topofclimb.es\/en\/wp-json\/wp\/v2\/product_brand?post=730"},{"taxonomy":"product_cat","embeddable":true,"href":"https:\/\/topofclimb.es\/en\/wp-json\/wp\/v2\/product_cat?post=730"},{"taxonomy":"product_tag","embeddable":true,"href":"https:\/\/topofclimb.es\/en\/wp-json\/wp\/v2\/product_tag?post=730"}],"curies":[{"name":"wp","href":"https:\/\/api.w.org\/{rel}","templated":true}]}}