{"id":722,"date":"2024-02-26T12:38:01","date_gmt":"2024-02-26T12:38:01","guid":{"rendered":"https:\/?post_type=product&#038;p=722"},"modified":"2026-03-30T12:23:03","modified_gmt":"2026-03-30T12:23:03","slug":"lanyard-airbus-r-b-f-mosqueton","status":"publish","type":"product","link":"https:\/\/topofclimb.es\/en\/product\/lanyard-airbus-r-b-f-mosqueton\/","title":{"rendered":"Lanyard Airbus R.B.F. mosquet\u00f3n"},"content":{"rendered":"<p>Lanyard Airbus con el lema \u00abremove before flight\u00bb.<br \/>\nEl lanyard es un art\u00edculo muy \u00fatil, nos permite llevar a nuestro cuello peque\u00f1as herramientas, usarlo de llavero o llevar un pase de acceso si es necesario (muy usado por militares, bases a\u00e9reas y eventos) y tenerlo siempre a mano para cualquier situaci\u00f3n que se requiera.<br \/>\nLos lanyards se fabrican en poliester muy resistente, lo que evita que un tir\u00f3n pueda romperlo o ser robado.<br \/>\nCon esta hebilla met\u00e1lica, adem\u00e1s aseguras que tu pase, herramienta o lo que decidas llevar, goce de una seguridad extra contra ca\u00eddas o p\u00e9rdidas.<br \/>\n45 cm aprox. de longitud.<\/p>","protected":false},"excerpt":{"rendered":"<p>Lanyard Airbus\u00a0con el lema \u00abremove before flight\u00bb.<\/p>","protected":false},"featured_media":1156,"template":"","meta":[],"product_brand":[],"product_cat":[201],"product_tag":[229,202],"class_list":{"0":"post-722","1":"product","2":"type-product","3":"status-publish","4":"has-post-thumbnail","6":"product_cat-lanyard","7":"product_tag-airbus","8":"product_tag-lanyard","10":"first","11":"instock","12":"taxable","13":"shipping-taxable","14":"purchasable","15":"product-type-simple"},"_links":{"self":[{"href":"https:\/\/topofclimb.es\/en\/wp-json\/wp\/v2\/product\/722","targetHints":{"allow":["GET"]}}],"collection":[{"href":"https:\/\/topofclimb.es\/en\/wp-json\/wp\/v2\/product"}],"about":[{"href":"https:\/\/topofclimb.es\/en\/wp-json\/wp\/v2\/types\/product"}],"wp:featuredmedia":[{"embeddable":true,"href":"https:\/\/topofclimb.es\/en\/wp-json\/wp\/v2\/media\/1156"}],"wp:attachment":[{"href":"https:\/\/topofclimb.es\/en\/wp-json\/wp\/v2\/media?parent=722"}],"wp:term":[{"taxonomy":"product_brand","embeddable":true,"href":"https:\/\/topofclimb.es\/en\/wp-json\/wp\/v2\/product_brand?post=722"},{"taxonomy":"product_cat","embeddable":true,"href":"https:\/\/topofclimb.es\/en\/wp-json\/wp\/v2\/product_cat?post=722"},{"taxonomy":"product_tag","embeddable":true,"href":"https:\/\/topofclimb.es\/en\/wp-json\/wp\/v2\/product_tag?post=722"}],"curies":[{"name":"wp","href":"https:\/\/api.w.org\/{rel}","templated":true}]}}