{"id":719,"date":"2024-02-26T12:37:58","date_gmt":"2024-02-26T12:37:58","guid":{"rendered":"https:\/?post_type=product&#038;p=719"},"modified":"2025-12-30T18:27:37","modified_gmt":"2025-12-30T18:27:37","slug":"lanyard-museo-aeronautica-y-astronautica","status":"publish","type":"product","link":"https:\/\/topofclimb.es\/en\/product\/lanyard-museo-aeronautica-y-astronautica\/","title":{"rendered":"Lanyard Museo Aeron\u00e1utica y Astron\u00e1utica"},"content":{"rendered":"<p>Los lanyards son uno de los art\u00edculos de merchandising militar favorito por todos, es muy \u00fatil para llevar siempre a mano tu pase de identificaci\u00f3n, tu smartphone, o peque\u00f1as herramientas para mec\u00e1nicos.<br \/>\nLanyard de tela impreso a dos caras, en una cara encontrar\u00e1s los peque\u00f1os detalles Museo Aeron\u00e1utica y Astron\u00e1utica, y por el reverso, una cara del estilo \u00abREMOVE BEFORE FLIGHT\u00bb.<br \/>\nCierre de mini-mosquet\u00f3n met\u00e1lico.<\/p>","protected":false},"excerpt":{"rendered":"<p>Lanyard b\u00e1sico de la Museo Aeron\u00e1utica y Astron\u00e1utica, reverso tipo \u00abREMOVE BEFORE FLIGHT\u00bb.<\/p>","protected":false},"featured_media":1150,"template":"","meta":[],"product_brand":[],"product_cat":[201],"product_tag":[226,227,202,225],"class_list":{"0":"post-719","1":"product","2":"type-product","3":"status-publish","4":"has-post-thumbnail","6":"product_cat-lanyard","7":"product_tag-aeronautica","8":"product_tag-astronautica","9":"product_tag-lanyard","10":"product_tag-museo","12":"first","13":"instock","14":"taxable","15":"shipping-taxable","16":"purchasable","17":"product-type-simple"},"_links":{"self":[{"href":"https:\/\/topofclimb.es\/en\/wp-json\/wp\/v2\/product\/719","targetHints":{"allow":["GET"]}}],"collection":[{"href":"https:\/\/topofclimb.es\/en\/wp-json\/wp\/v2\/product"}],"about":[{"href":"https:\/\/topofclimb.es\/en\/wp-json\/wp\/v2\/types\/product"}],"wp:featuredmedia":[{"embeddable":true,"href":"https:\/\/topofclimb.es\/en\/wp-json\/wp\/v2\/media\/1150"}],"wp:attachment":[{"href":"https:\/\/topofclimb.es\/en\/wp-json\/wp\/v2\/media?parent=719"}],"wp:term":[{"taxonomy":"product_brand","embeddable":true,"href":"https:\/\/topofclimb.es\/en\/wp-json\/wp\/v2\/product_brand?post=719"},{"taxonomy":"product_cat","embeddable":true,"href":"https:\/\/topofclimb.es\/en\/wp-json\/wp\/v2\/product_cat?post=719"},{"taxonomy":"product_tag","embeddable":true,"href":"https:\/\/topofclimb.es\/en\/wp-json\/wp\/v2\/product_tag?post=719"}],"curies":[{"name":"wp","href":"https:\/\/api.w.org\/{rel}","templated":true}]}}