{"id":718,"date":"2024-02-26T12:37:57","date_gmt":"2024-02-26T12:37:57","guid":{"rendered":"https:\/?post_type=product&#038;p=718"},"modified":"2026-01-03T09:36:23","modified_gmt":"2026-01-03T09:36:23","slug":"lanyard-ala-14-rbf-mosqueton","status":"publish","type":"product","link":"https:\/\/topofclimb.es\/en\/product\/lanyard-ala-14-rbf-mosqueton\/","title":{"rendered":"Lanyard Ala 14 RBF mosquet\u00f3n"},"content":{"rendered":"<p>Nuevo dise\u00f1o de lanyard del Ala 14 para este a\u00f1o, con un dise\u00f1o impreso a dos caras, con bandera de Espa\u00f1a y roquisqui y fondo azul marino. La cara trasera es de tipo \u00abREMOVE BEFORE FLIGHT\u00bb.<br \/>\nEl lanyard es un art\u00edculo de merchandising muy utilizado en el mundo militar, gracias al lanyard siempre tendr\u00e1s a mano tu pase de identificaci\u00f3n, tambi\u00e9n puedes llevar tu smartphone, tu walkie, o peque\u00f1as herramientas que necesites tener a mano para tu trabajo. Con el sistema de cierre de mosquet\u00f3n met\u00e1lico siempre es f\u00e1cil manipular y tener acceso a tu lanyard.<\/p>","protected":false},"excerpt":{"rendered":"<p>Lanyard b\u00e1sico del Ala 14 impreso a dos caras con cara trasera de tipo \u00abREMOVE BEFORE FLIGHT\u00bb<\/p>","protected":false},"featured_media":1148,"template":"","meta":[],"product_brand":[],"product_cat":[201],"product_tag":[115,202,224],"class_list":{"0":"post-718","1":"product","2":"type-product","3":"status-publish","4":"has-post-thumbnail","6":"product_cat-lanyard","7":"product_tag-ala-14","8":"product_tag-lanyard","9":"product_tag-mosqueton","11":"first","12":"instock","13":"taxable","14":"shipping-taxable","15":"purchasable","16":"product-type-simple"},"_links":{"self":[{"href":"https:\/\/topofclimb.es\/en\/wp-json\/wp\/v2\/product\/718","targetHints":{"allow":["GET"]}}],"collection":[{"href":"https:\/\/topofclimb.es\/en\/wp-json\/wp\/v2\/product"}],"about":[{"href":"https:\/\/topofclimb.es\/en\/wp-json\/wp\/v2\/types\/product"}],"wp:featuredmedia":[{"embeddable":true,"href":"https:\/\/topofclimb.es\/en\/wp-json\/wp\/v2\/media\/1148"}],"wp:attachment":[{"href":"https:\/\/topofclimb.es\/en\/wp-json\/wp\/v2\/media?parent=718"}],"wp:term":[{"taxonomy":"product_brand","embeddable":true,"href":"https:\/\/topofclimb.es\/en\/wp-json\/wp\/v2\/product_brand?post=718"},{"taxonomy":"product_cat","embeddable":true,"href":"https:\/\/topofclimb.es\/en\/wp-json\/wp\/v2\/product_cat?post=718"},{"taxonomy":"product_tag","embeddable":true,"href":"https:\/\/topofclimb.es\/en\/wp-json\/wp\/v2\/product_tag?post=718"}],"curies":[{"name":"wp","href":"https:\/\/api.w.org\/{rel}","templated":true}]}}