{"id":714,"date":"2024-02-26T12:37:52","date_gmt":"2024-02-26T12:37:52","guid":{"rendered":"https:\/?post_type=product&#038;p=714"},"modified":"2025-12-24T10:10:57","modified_gmt":"2025-12-24T10:10:57","slug":"peluche-gato-ala-12","status":"publish","type":"product","link":"https:\/\/topofclimb.es\/en\/product\/peluche-gato-ala-12\/","title":{"rendered":"Peluche gato ALA 12"},"content":{"rendered":"<p>Mascota del Ala 12 de Torrej\u00f3n de Ardoz. El capit\u00e1n gato con su propia identificaci\u00f3n y mono de piloto.<\/p>","protected":false},"excerpt":{"rendered":"<p>Peluche gato ALA 12<\/p>","protected":false},"featured_media":1135,"template":"","meta":[],"product_brand":[],"product_cat":[144,151],"product_tag":[204,153],"class_list":{"0":"post-714","1":"product","2":"type-product","3":"status-publish","4":"has-post-thumbnail","6":"product_cat-juguetes","7":"product_cat-peluches","8":"product_tag-ala-12","9":"product_tag-peluche","11":"first","12":"outofstock","13":"taxable","14":"shipping-taxable","15":"purchasable","16":"product-type-simple"},"_links":{"self":[{"href":"https:\/\/topofclimb.es\/en\/wp-json\/wp\/v2\/product\/714","targetHints":{"allow":["GET"]}}],"collection":[{"href":"https:\/\/topofclimb.es\/en\/wp-json\/wp\/v2\/product"}],"about":[{"href":"https:\/\/topofclimb.es\/en\/wp-json\/wp\/v2\/types\/product"}],"wp:featuredmedia":[{"embeddable":true,"href":"https:\/\/topofclimb.es\/en\/wp-json\/wp\/v2\/media\/1135"}],"wp:attachment":[{"href":"https:\/\/topofclimb.es\/en\/wp-json\/wp\/v2\/media?parent=714"}],"wp:term":[{"taxonomy":"product_brand","embeddable":true,"href":"https:\/\/topofclimb.es\/en\/wp-json\/wp\/v2\/product_brand?post=714"},{"taxonomy":"product_cat","embeddable":true,"href":"https:\/\/topofclimb.es\/en\/wp-json\/wp\/v2\/product_cat?post=714"},{"taxonomy":"product_tag","embeddable":true,"href":"https:\/\/topofclimb.es\/en\/wp-json\/wp\/v2\/product_tag?post=714"}],"curies":[{"name":"wp","href":"https:\/\/api.w.org\/{rel}","templated":true}]}}