{"id":707,"date":"2024-02-26T12:37:50","date_gmt":"2024-02-26T12:37:50","guid":{"rendered":"https:\/?post_type=product&#038;p=707"},"modified":"2026-03-28T17:43:56","modified_gmt":"2026-03-28T17:43:56","slug":"parche-nylon-3d-eurofighter-hud","status":"publish","type":"product","link":"https:\/\/topofclimb.es\/en\/product\/parche-nylon-3d-eurofighter-hud\/","title":{"rendered":"Parche Nylon 3D Eurofighter Hud"},"content":{"rendered":"<p>Accesorio fabricado en nylon mediante impresi\u00f3n 3D para garantizar una alta calidad. Gracias a este m\u00e9todo de fabricaci\u00f3n, los colores se reproducen con gran definici\u00f3n y precisi\u00f3n. Adem\u00e1s, viene con velcro que facilita su uso y cambio, permitiendo una f\u00e1cil personalizaci\u00f3n en diferentes prendas.<br \/>\nIncluye parte trasera.<br \/>\nImpresi\u00f3n de alta resoluci\u00f3n.<\/p>","protected":false},"excerpt":{"rendered":"<p>Parche Nylon 3D Eurofighter<\/p>","protected":false},"featured_media":18109,"template":"","meta":[],"product_brand":[],"product_cat":[174],"product_tag":[90,175],"class_list":{"0":"post-707","1":"product","2":"type-product","3":"status-publish","4":"has-post-thumbnail","6":"product_cat-parches","7":"product_tag-eurofighter","8":"product_tag-parche","10":"first","11":"instock","12":"taxable","13":"shipping-taxable","14":"purchasable","15":"product-type-simple"},"_links":{"self":[{"href":"https:\/\/topofclimb.es\/en\/wp-json\/wp\/v2\/product\/707","targetHints":{"allow":["GET"]}}],"collection":[{"href":"https:\/\/topofclimb.es\/en\/wp-json\/wp\/v2\/product"}],"about":[{"href":"https:\/\/topofclimb.es\/en\/wp-json\/wp\/v2\/types\/product"}],"wp:featuredmedia":[{"embeddable":true,"href":"https:\/\/topofclimb.es\/en\/wp-json\/wp\/v2\/media\/18109"}],"wp:attachment":[{"href":"https:\/\/topofclimb.es\/en\/wp-json\/wp\/v2\/media?parent=707"}],"wp:term":[{"taxonomy":"product_brand","embeddable":true,"href":"https:\/\/topofclimb.es\/en\/wp-json\/wp\/v2\/product_brand?post=707"},{"taxonomy":"product_cat","embeddable":true,"href":"https:\/\/topofclimb.es\/en\/wp-json\/wp\/v2\/product_cat?post=707"},{"taxonomy":"product_tag","embeddable":true,"href":"https:\/\/topofclimb.es\/en\/wp-json\/wp\/v2\/product_tag?post=707"}],"curies":[{"name":"wp","href":"https:\/\/api.w.org\/{rel}","templated":true}]}}