{"id":698,"date":"2024-02-26T12:37:44","date_gmt":"2024-02-26T12:37:44","guid":{"rendered":"https:\/?post_type=product&#038;p=698"},"modified":"2026-02-03T14:48:22","modified_gmt":"2026-02-03T14:48:22","slug":"parche-b-top-gun-azul","status":"publish","type":"product","link":"https:\/\/topofclimb.es\/en\/product\/parche-b-top-gun-azul\/","title":{"rendered":"Parche B. Top Gun Azul"},"content":{"rendered":"<p>Parche bordado de la pel\u00edcula TOP GUN con un F-14 Tomcat con fondo azul.<\/p>\n<p>TOP GUN fue una pel\u00edcula de 1986 protagonizada por Tom Cruise en la que los aviones de combate F-14 Tomcat ocuparon gran parte de la pel\u00edcula, con unas tomas y unos planos impresionantes de las dif\u00edciles maniobras de estos aviones, convirtiendola en una referencia obligatoria para todo aficionado de la aviaci\u00f3n.<\/p>","protected":false},"excerpt":{"rendered":"<p>Parche bordado TOP GUN F-14 Tomcat<\/p>","protected":false},"featured_media":1418,"template":"","meta":[],"product_brand":[],"product_cat":[174],"product_tag":[175,218],"class_list":{"0":"post-698","1":"product","2":"type-product","3":"status-publish","4":"has-post-thumbnail","6":"product_cat-parches","7":"product_tag-parche","8":"product_tag-topgun","10":"first","11":"instock","12":"taxable","13":"shipping-taxable","14":"purchasable","15":"product-type-simple"},"_links":{"self":[{"href":"https:\/\/topofclimb.es\/en\/wp-json\/wp\/v2\/product\/698","targetHints":{"allow":["GET"]}}],"collection":[{"href":"https:\/\/topofclimb.es\/en\/wp-json\/wp\/v2\/product"}],"about":[{"href":"https:\/\/topofclimb.es\/en\/wp-json\/wp\/v2\/types\/product"}],"wp:featuredmedia":[{"embeddable":true,"href":"https:\/\/topofclimb.es\/en\/wp-json\/wp\/v2\/media\/1418"}],"wp:attachment":[{"href":"https:\/\/topofclimb.es\/en\/wp-json\/wp\/v2\/media?parent=698"}],"wp:term":[{"taxonomy":"product_brand","embeddable":true,"href":"https:\/\/topofclimb.es\/en\/wp-json\/wp\/v2\/product_brand?post=698"},{"taxonomy":"product_cat","embeddable":true,"href":"https:\/\/topofclimb.es\/en\/wp-json\/wp\/v2\/product_cat?post=698"},{"taxonomy":"product_tag","embeddable":true,"href":"https:\/\/topofclimb.es\/en\/wp-json\/wp\/v2\/product_tag?post=698"}],"curies":[{"name":"wp","href":"https:\/\/api.w.org\/{rel}","templated":true}]}}