{"id":695,"date":"2024-02-26T12:37:43","date_gmt":"2024-02-26T12:37:43","guid":{"rendered":"https:\/?post_type=product&#038;p=695"},"modified":"2026-03-28T18:27:53","modified_gmt":"2026-03-28T18:27:53","slug":"camiseta-algodon-spanish-air-force-f-18","status":"publish","type":"product","link":"https:\/\/topofclimb.es\/en\/product\/camiseta-algodon-spanish-air-force-f-18\/","title":{"rendered":"Camiseta Algod\u00f3n Spanish Air Force F-18"},"content":{"rendered":"<p>Camiseta 100% algod\u00f3n, con serigraf\u00eda del F18 y el Ej\u00e9rcito de Espa\u00f1a.<br \/>\nFabricadas 100% algod\u00f3n garantizan comodidad y elasticidad en cada movimiento.<br \/>\nCuello redondo de 4 capas.<\/p>","protected":false},"excerpt":{"rendered":"<p>Camiseta Algod\u00f3n Spanish Air Force F-18<\/p>","protected":false},"featured_media":1011,"template":"","meta":[],"product_brand":[],"product_cat":[88],"product_tag":[215,89,216],"class_list":{"0":"post-695","1":"product","2":"type-product","3":"status-publish","4":"has-post-thumbnail","6":"product_cat-camisetas-2","7":"product_tag-algodon","8":"product_tag-camiseta","9":"product_tag-f-18","11":"first","12":"instock","13":"taxable","14":"shipping-taxable","15":"purchasable","16":"product-type-variable"},"_links":{"self":[{"href":"https:\/\/topofclimb.es\/en\/wp-json\/wp\/v2\/product\/695","targetHints":{"allow":["GET"]}}],"collection":[{"href":"https:\/\/topofclimb.es\/en\/wp-json\/wp\/v2\/product"}],"about":[{"href":"https:\/\/topofclimb.es\/en\/wp-json\/wp\/v2\/types\/product"}],"wp:featuredmedia":[{"embeddable":true,"href":"https:\/\/topofclimb.es\/en\/wp-json\/wp\/v2\/media\/1011"}],"wp:attachment":[{"href":"https:\/\/topofclimb.es\/en\/wp-json\/wp\/v2\/media?parent=695"}],"wp:term":[{"taxonomy":"product_brand","embeddable":true,"href":"https:\/\/topofclimb.es\/en\/wp-json\/wp\/v2\/product_brand?post=695"},{"taxonomy":"product_cat","embeddable":true,"href":"https:\/\/topofclimb.es\/en\/wp-json\/wp\/v2\/product_cat?post=695"},{"taxonomy":"product_tag","embeddable":true,"href":"https:\/\/topofclimb.es\/en\/wp-json\/wp\/v2\/product_tag?post=695"}],"curies":[{"name":"wp","href":"https:\/\/api.w.org\/{rel}","templated":true}]}}