{"id":694,"date":"2024-02-26T12:37:43","date_gmt":"2024-02-26T12:37:43","guid":{"rendered":"https:\/?post_type=product&#038;p=694"},"modified":"2026-04-16T11:33:24","modified_gmt":"2026-04-16T11:33:24","slug":"camiseta-algodon-spanish-air-force-eurofighter","status":"publish","type":"product","link":"https:\/\/topofclimb.es\/en\/product\/camiseta-algodon-spanish-air-force-eurofighter\/","title":{"rendered":"Camiseta Algod\u00f3n Spanish Air Force Eurofighter"},"content":{"rendered":"<p>Camiseta 100% algod\u00f3n, con serigraf\u00eda del Eurofighter y el Ej\u00e9rcito de Espa\u00f1a.<br \/>\nFabricadas 100% algod\u00f3n garantizan comodidad y elasticidad en cada movimiento.<br \/>\nCuello redondo de 4 capas.<\/p>","protected":false},"excerpt":{"rendered":"<p>Camiseta Algod\u00f3n Spanish Air Force Eurofighter<\/p>","protected":false},"featured_media":998,"template":"","meta":[],"product_brand":[],"product_cat":[88,70],"product_tag":[215,89,90],"class_list":{"0":"post-694","1":"product","2":"type-product","3":"status-publish","4":"has-post-thumbnail","6":"product_cat-camisetas-2","7":"product_cat-ropa-sport","8":"product_tag-algodon","9":"product_tag-camiseta","10":"product_tag-eurofighter","12":"first","13":"instock","14":"taxable","15":"shipping-taxable","16":"purchasable","17":"product-type-variable"},"_links":{"self":[{"href":"https:\/\/topofclimb.es\/en\/wp-json\/wp\/v2\/product\/694","targetHints":{"allow":["GET"]}}],"collection":[{"href":"https:\/\/topofclimb.es\/en\/wp-json\/wp\/v2\/product"}],"about":[{"href":"https:\/\/topofclimb.es\/en\/wp-json\/wp\/v2\/types\/product"}],"wp:featuredmedia":[{"embeddable":true,"href":"https:\/\/topofclimb.es\/en\/wp-json\/wp\/v2\/media\/998"}],"wp:attachment":[{"href":"https:\/\/topofclimb.es\/en\/wp-json\/wp\/v2\/media?parent=694"}],"wp:term":[{"taxonomy":"product_brand","embeddable":true,"href":"https:\/\/topofclimb.es\/en\/wp-json\/wp\/v2\/product_brand?post=694"},{"taxonomy":"product_cat","embeddable":true,"href":"https:\/\/topofclimb.es\/en\/wp-json\/wp\/v2\/product_cat?post=694"},{"taxonomy":"product_tag","embeddable":true,"href":"https:\/\/topofclimb.es\/en\/wp-json\/wp\/v2\/product_tag?post=694"}],"curies":[{"name":"wp","href":"https:\/\/api.w.org\/{rel}","templated":true}]}}