{"id":667,"date":"2024-02-26T12:37:32","date_gmt":"2024-02-26T12:37:32","guid":{"rendered":"https:\/?post_type=product&#038;p=667"},"modified":"2026-04-05T12:36:47","modified_gmt":"2026-04-05T12:36:47","slug":"parchebord-bandera-espana-peque-arida","status":"publish","type":"product","link":"https:\/\/topofclimb.es\/en\/product\/parchebord-bandera-espana-peque-arida\/","title":{"rendered":"Parche bordado bandera de Espa\u00f1a peque\u00f1a \u00e1rida"},"content":{"rendered":"<p>Parche bordado confeccionado con hilos de alta calidad para garantizar durabilidad y detalle excepcional. Gracias al proceso de bordado, los colores se reproducen con una definici\u00f3n n\u00edtida y precisa. Equipado con un respaldo de velcro que facilita su colocaci\u00f3n y remoci\u00f3n en una variedad de prendas, permitiendo una personalizaci\u00f3n sencilla y vers\u00e1til. La parte trasera del parche est\u00e1 completamente acabada para asegurar una apariencia profesional en cualquier aplicaci\u00f3n.<br \/>\nBordado con alta resoluci\u00f3n para una apariencia distintiva y profesional.<br \/>\nParche bordado de 55 x 30 mm<\/p>","protected":false},"excerpt":{"rendered":"<p>Parche bordado bandera de Espa\u00f1a peque\u00f1a \u00e1rida<\/p>","protected":false},"featured_media":1308,"template":"","meta":[],"product_brand":[],"product_cat":[174],"product_tag":[107,175],"class_list":{"0":"post-667","1":"product","2":"type-product","3":"status-publish","4":"has-post-thumbnail","6":"product_cat-parches","7":"product_tag-bandera","8":"product_tag-parche","10":"first","11":"instock","12":"taxable","13":"shipping-taxable","14":"purchasable","15":"product-type-simple"},"_links":{"self":[{"href":"https:\/\/topofclimb.es\/en\/wp-json\/wp\/v2\/product\/667","targetHints":{"allow":["GET"]}}],"collection":[{"href":"https:\/\/topofclimb.es\/en\/wp-json\/wp\/v2\/product"}],"about":[{"href":"https:\/\/topofclimb.es\/en\/wp-json\/wp\/v2\/types\/product"}],"wp:featuredmedia":[{"embeddable":true,"href":"https:\/\/topofclimb.es\/en\/wp-json\/wp\/v2\/media\/1308"}],"wp:attachment":[{"href":"https:\/\/topofclimb.es\/en\/wp-json\/wp\/v2\/media?parent=667"}],"wp:term":[{"taxonomy":"product_brand","embeddable":true,"href":"https:\/\/topofclimb.es\/en\/wp-json\/wp\/v2\/product_brand?post=667"},{"taxonomy":"product_cat","embeddable":true,"href":"https:\/\/topofclimb.es\/en\/wp-json\/wp\/v2\/product_cat?post=667"},{"taxonomy":"product_tag","embeddable":true,"href":"https:\/\/topofclimb.es\/en\/wp-json\/wp\/v2\/product_tag?post=667"}],"curies":[{"name":"wp","href":"https:\/\/api.w.org\/{rel}","templated":true}]}}