{"id":666,"date":"2024-02-26T12:37:32","date_gmt":"2024-02-26T12:37:32","guid":{"rendered":"https:\/?post_type=product&#038;p=666"},"modified":"2026-03-28T17:53:08","modified_gmt":"2026-03-28T17:53:08","slug":"navaja-asistida-roja-con-rokiski","status":"publish","type":"product","link":"https:\/\/topofclimb.es\/en\/product\/navaja-asistida-roja-con-rokiski\/","title":{"rendered":"Navaja asistida roja con bandera de Espa\u00f1a"},"content":{"rendered":"<p>Dise\u00f1ado en Espa\u00f1a<br \/>\nMarca: ALBAINOX<br \/>\nMango: Aluminio<br \/>\nHoja: Acero Inox<br \/>\nTama\u00f1o hoja: 8.1 cm<br \/>\nIncluye:<br \/>\n-Punta rompevidrio<br \/>\n-Cutter cintur\u00f3n de seguridad<br \/>\nSistema de apertura: FAST OPENING<br \/>\nPresentaci\u00f3n: Funda de nylon<\/p>","protected":false},"excerpt":{"rendered":"<p>Navaja asistida roja con bandera de Espa\u00f1a<\/p>","protected":false},"featured_media":16714,"template":"","meta":[],"product_brand":[],"product_cat":[191],"product_tag":[105,192],"class_list":{"0":"post-666","1":"product","2":"type-product","3":"status-publish","4":"has-post-thumbnail","6":"product_cat-navajas","7":"product_tag-espana","8":"product_tag-navaja","10":"first","11":"instock","12":"taxable","13":"shipping-taxable","14":"purchasable","15":"product-type-simple"},"_links":{"self":[{"href":"https:\/\/topofclimb.es\/en\/wp-json\/wp\/v2\/product\/666","targetHints":{"allow":["GET"]}}],"collection":[{"href":"https:\/\/topofclimb.es\/en\/wp-json\/wp\/v2\/product"}],"about":[{"href":"https:\/\/topofclimb.es\/en\/wp-json\/wp\/v2\/types\/product"}],"wp:featuredmedia":[{"embeddable":true,"href":"https:\/\/topofclimb.es\/en\/wp-json\/wp\/v2\/media\/16714"}],"wp:attachment":[{"href":"https:\/\/topofclimb.es\/en\/wp-json\/wp\/v2\/media?parent=666"}],"wp:term":[{"taxonomy":"product_brand","embeddable":true,"href":"https:\/\/topofclimb.es\/en\/wp-json\/wp\/v2\/product_brand?post=666"},{"taxonomy":"product_cat","embeddable":true,"href":"https:\/\/topofclimb.es\/en\/wp-json\/wp\/v2\/product_cat?post=666"},{"taxonomy":"product_tag","embeddable":true,"href":"https:\/\/topofclimb.es\/en\/wp-json\/wp\/v2\/product_tag?post=666"}],"curies":[{"name":"wp","href":"https:\/\/api.w.org\/{rel}","templated":true}]}}