{"id":660,"date":"2024-02-26T12:37:31","date_gmt":"2024-02-26T12:37:31","guid":{"rendered":"https:\/?post_type=product&#038;p=660"},"modified":"2026-03-30T12:23:03","modified_gmt":"2026-03-30T12:23:03","slug":"boligrafo-del-ejercito-del-aire","status":"publish","type":"product","link":"https:\/\/topofclimb.es\/en\/product\/boligrafo-del-ejercito-del-aire\/","title":{"rendered":"Boligrafo del Ej\u00e9rcito del Aire"},"content":{"rendered":"<p>Boligrafo de pl\u00e1stico con punta y solapa cromadas, con bandera de Espa\u00f1a y serigraf\u00eda con el Roquisqui del Ej\u00e9rcito del Aire, disponible en varios colores.<br \/>\nTinta azul.<br \/>\nEl tipo de serigraf\u00eda puede variar ligeramente.<\/p>","protected":false},"excerpt":{"rendered":"<p>Boligrafo del Ej\u00e9rcito del Aire<\/p>","protected":false},"featured_media":988,"template":"","meta":[],"product_brand":[],"product_cat":[189],"product_tag":[97,190,96],"class_list":{"0":"post-660","1":"product","2":"type-product","3":"status-publish","4":"has-post-thumbnail","6":"product_cat-boligrafos","7":"product_tag-aire","8":"product_tag-boligrafo","9":"product_tag-ejercito","11":"first","12":"instock","13":"taxable","14":"shipping-taxable","15":"purchasable","16":"product-type-variable"},"_links":{"self":[{"href":"https:\/\/topofclimb.es\/en\/wp-json\/wp\/v2\/product\/660","targetHints":{"allow":["GET"]}}],"collection":[{"href":"https:\/\/topofclimb.es\/en\/wp-json\/wp\/v2\/product"}],"about":[{"href":"https:\/\/topofclimb.es\/en\/wp-json\/wp\/v2\/types\/product"}],"wp:featuredmedia":[{"embeddable":true,"href":"https:\/\/topofclimb.es\/en\/wp-json\/wp\/v2\/media\/988"}],"wp:attachment":[{"href":"https:\/\/topofclimb.es\/en\/wp-json\/wp\/v2\/media?parent=660"}],"wp:term":[{"taxonomy":"product_brand","embeddable":true,"href":"https:\/\/topofclimb.es\/en\/wp-json\/wp\/v2\/product_brand?post=660"},{"taxonomy":"product_cat","embeddable":true,"href":"https:\/\/topofclimb.es\/en\/wp-json\/wp\/v2\/product_cat?post=660"},{"taxonomy":"product_tag","embeddable":true,"href":"https:\/\/topofclimb.es\/en\/wp-json\/wp\/v2\/product_tag?post=660"}],"curies":[{"name":"wp","href":"https:\/\/api.w.org\/{rel}","templated":true}]}}