{"id":658,"date":"2024-02-26T12:37:31","date_gmt":"2024-02-26T12:37:31","guid":{"rendered":"https:\/?post_type=product&#038;p=658"},"modified":"2025-12-24T12:34:07","modified_gmt":"2025-12-24T12:34:07","slug":"llavero-piel-espana-con-rokiski","status":"publish","type":"product","link":"https:\/\/topofclimb.es\/en\/product\/llavero-piel-espana-con-rokiski\/","title":{"rendered":"Llavero piel Espa\u00f1a con rokiski"},"content":{"rendered":"<p>Llavero de tipo cintur\u00f3n con bandera de Espa\u00f1a y piel, grabaci\u00f3n de rokiski.<\/p>","protected":false},"excerpt":{"rendered":"<p>Llavero piel Espa\u00f1a con rokiski<\/p>","protected":false},"featured_media":1301,"template":"","meta":[],"product_brand":[],"product_cat":[163],"product_tag":[164,93],"class_list":{"0":"post-658","1":"product","2":"type-product","3":"status-publish","4":"has-post-thumbnail","6":"product_cat-llaveros-accesorios","7":"product_tag-llavero","8":"product_tag-rokiski","10":"first","11":"outofstock","12":"taxable","13":"shipping-taxable","14":"purchasable","15":"product-type-variable"},"_links":{"self":[{"href":"https:\/\/topofclimb.es\/en\/wp-json\/wp\/v2\/product\/658","targetHints":{"allow":["GET"]}}],"collection":[{"href":"https:\/\/topofclimb.es\/en\/wp-json\/wp\/v2\/product"}],"about":[{"href":"https:\/\/topofclimb.es\/en\/wp-json\/wp\/v2\/types\/product"}],"wp:featuredmedia":[{"embeddable":true,"href":"https:\/\/topofclimb.es\/en\/wp-json\/wp\/v2\/media\/1301"}],"wp:attachment":[{"href":"https:\/\/topofclimb.es\/en\/wp-json\/wp\/v2\/media?parent=658"}],"wp:term":[{"taxonomy":"product_brand","embeddable":true,"href":"https:\/\/topofclimb.es\/en\/wp-json\/wp\/v2\/product_brand?post=658"},{"taxonomy":"product_cat","embeddable":true,"href":"https:\/\/topofclimb.es\/en\/wp-json\/wp\/v2\/product_cat?post=658"},{"taxonomy":"product_tag","embeddable":true,"href":"https:\/\/topofclimb.es\/en\/wp-json\/wp\/v2\/product_tag?post=658"}],"curies":[{"name":"wp","href":"https:\/\/api.w.org\/{rel}","templated":true}]}}