{"id":635,"date":"2024-02-26T12:37:22","date_gmt":"2024-02-26T12:37:22","guid":{"rendered":"https:\/?post_type=product&#038;p=635"},"modified":"2024-09-27T10:50:05","modified_gmt":"2024-09-27T10:50:05","slug":"avion-escuadron-142-con-lanzador","status":"publish","type":"product","link":"https:\/\/topofclimb.es\/en\/product\/avion-escuadron-142-con-lanzador\/","title":{"rendered":"Avi\u00f3n Escuadr\u00f3n 142 con lanzador"},"content":{"rendered":"<p>Avi\u00f3n Escuadr\u00f3n 142 con lanzador<\/p>","protected":false},"excerpt":{"rendered":"<p>Avi\u00f3n Escuadr\u00f3n 142 con lanzador<\/p>","protected":false},"featured_media":1060,"template":"","meta":[],"product_brand":[],"product_cat":[144],"product_tag":[137,145,161],"class_list":{"0":"post-635","1":"product","2":"type-product","3":"status-publish","4":"has-post-thumbnail","6":"product_cat-juguetes","7":"product_tag-avion","8":"product_tag-juguete","9":"product_tag-lanzador","11":"first","12":"instock","13":"taxable","14":"shipping-taxable","15":"purchasable","16":"product-type-simple"},"_links":{"self":[{"href":"https:\/\/topofclimb.es\/en\/wp-json\/wp\/v2\/product\/635","targetHints":{"allow":["GET"]}}],"collection":[{"href":"https:\/\/topofclimb.es\/en\/wp-json\/wp\/v2\/product"}],"about":[{"href":"https:\/\/topofclimb.es\/en\/wp-json\/wp\/v2\/types\/product"}],"wp:featuredmedia":[{"embeddable":true,"href":"https:\/\/topofclimb.es\/en\/wp-json\/wp\/v2\/media\/1060"}],"wp:attachment":[{"href":"https:\/\/topofclimb.es\/en\/wp-json\/wp\/v2\/media?parent=635"}],"wp:term":[{"taxonomy":"product_brand","embeddable":true,"href":"https:\/\/topofclimb.es\/en\/wp-json\/wp\/v2\/product_brand?post=635"},{"taxonomy":"product_cat","embeddable":true,"href":"https:\/\/topofclimb.es\/en\/wp-json\/wp\/v2\/product_cat?post=635"},{"taxonomy":"product_tag","embeddable":true,"href":"https:\/\/topofclimb.es\/en\/wp-json\/wp\/v2\/product_tag?post=635"}],"curies":[{"name":"wp","href":"https:\/\/api.w.org\/{rel}","templated":true}]}}