{"id":630,"date":"2024-02-26T12:37:21","date_gmt":"2024-02-26T12:37:21","guid":{"rendered":"https:\/?post_type=product&#038;p=630"},"modified":"2026-03-30T12:13:05","modified_gmt":"2026-03-30T12:13:05","slug":"helicoptero-policia-nacional","status":"publish","type":"product","link":"https:\/\/topofclimb.es\/en\/product\/helicoptero-policia-nacional\/","title":{"rendered":"Helic\u00f3ptero Policia Nacional"},"content":{"rendered":"<p>Disfruta de esta r\u00e9plica de un helic\u00f3ptero de la Policia Nacional.<\/p>","protected":false},"excerpt":{"rendered":"<p>Helic\u00f3ptero Policia Nacional<\/p>","protected":false},"featured_media":1055,"template":"","meta":[],"product_brand":[],"product_cat":[144],"product_tag":[148,159],"class_list":{"0":"post-630","1":"product","2":"type-product","3":"status-publish","4":"has-post-thumbnail","6":"product_cat-juguetes","7":"product_tag-helicoptero","8":"product_tag-policia-nacional","10":"first","11":"instock","12":"taxable","13":"shipping-taxable","14":"purchasable","15":"product-type-simple"},"_links":{"self":[{"href":"https:\/\/topofclimb.es\/en\/wp-json\/wp\/v2\/product\/630","targetHints":{"allow":["GET"]}}],"collection":[{"href":"https:\/\/topofclimb.es\/en\/wp-json\/wp\/v2\/product"}],"about":[{"href":"https:\/\/topofclimb.es\/en\/wp-json\/wp\/v2\/types\/product"}],"wp:featuredmedia":[{"embeddable":true,"href":"https:\/\/topofclimb.es\/en\/wp-json\/wp\/v2\/media\/1055"}],"wp:attachment":[{"href":"https:\/\/topofclimb.es\/en\/wp-json\/wp\/v2\/media?parent=630"}],"wp:term":[{"taxonomy":"product_brand","embeddable":true,"href":"https:\/\/topofclimb.es\/en\/wp-json\/wp\/v2\/product_brand?post=630"},{"taxonomy":"product_cat","embeddable":true,"href":"https:\/\/topofclimb.es\/en\/wp-json\/wp\/v2\/product_cat?post=630"},{"taxonomy":"product_tag","embeddable":true,"href":"https:\/\/topofclimb.es\/en\/wp-json\/wp\/v2\/product_tag?post=630"}],"curies":[{"name":"wp","href":"https:\/\/api.w.org\/{rel}","templated":true}]}}