{"id":625,"date":"2024-02-26T12:37:18","date_gmt":"2024-02-26T12:37:18","guid":{"rendered":"https:\/?post_type=product&#038;p=625"},"modified":"2026-03-28T16:42:55","modified_gmt":"2026-03-28T16:42:55","slug":"oso-de-peluche-del-ejercito-del-aire","status":"publish","type":"product","link":"https:\/\/topofclimb.es\/en\/product\/oso-de-peluche-del-ejercito-del-aire\/","title":{"rendered":"Oso de peluche del Ej\u00e9rcito del Aire"},"content":{"rendered":"<p>Un adorable compa\u00f1ero con estilo militar. Disponible en beige y marr\u00f3n. \u00a1Lleva a casa este tierno osito con una camiseta de Rokiski!<\/p>","protected":false},"excerpt":{"rendered":"<p>Oso de peluche del Ej\u00e9rcito del Aire<\/p>","protected":false},"featured_media":1271,"template":"","meta":[],"product_brand":[],"product_cat":[151],"product_tag":[97,96,152,153],"class_list":{"0":"post-625","1":"product","2":"type-product","3":"status-publish","4":"has-post-thumbnail","6":"product_cat-peluches","7":"product_tag-aire","8":"product_tag-ejercito","9":"product_tag-oso","10":"product_tag-peluche","12":"first","13":"outofstock","14":"taxable","15":"shipping-taxable","16":"purchasable","17":"product-type-variable"},"_links":{"self":[{"href":"https:\/\/topofclimb.es\/en\/wp-json\/wp\/v2\/product\/625","targetHints":{"allow":["GET"]}}],"collection":[{"href":"https:\/\/topofclimb.es\/en\/wp-json\/wp\/v2\/product"}],"about":[{"href":"https:\/\/topofclimb.es\/en\/wp-json\/wp\/v2\/types\/product"}],"wp:featuredmedia":[{"embeddable":true,"href":"https:\/\/topofclimb.es\/en\/wp-json\/wp\/v2\/media\/1271"}],"wp:attachment":[{"href":"https:\/\/topofclimb.es\/en\/wp-json\/wp\/v2\/media?parent=625"}],"wp:term":[{"taxonomy":"product_brand","embeddable":true,"href":"https:\/\/topofclimb.es\/en\/wp-json\/wp\/v2\/product_brand?post=625"},{"taxonomy":"product_cat","embeddable":true,"href":"https:\/\/topofclimb.es\/en\/wp-json\/wp\/v2\/product_cat?post=625"},{"taxonomy":"product_tag","embeddable":true,"href":"https:\/\/topofclimb.es\/en\/wp-json\/wp\/v2\/product_tag?post=625"}],"curies":[{"name":"wp","href":"https:\/\/api.w.org\/{rel}","templated":true}]}}