{"id":623,"date":"2024-02-26T12:37:18","date_gmt":"2024-02-26T12:37:18","guid":{"rendered":"https:\/?post_type=product&#038;p=623"},"modified":"2026-02-25T11:18:42","modified_gmt":"2026-02-25T11:18:42","slug":"helicoptero-guardia-civil","status":"publish","type":"product","link":"https:\/\/topofclimb.es\/en\/product\/helicoptero-guardia-civil\/","title":{"rendered":"Helic\u00f3ptero Guardia Civil"},"content":{"rendered":"<p>Disfruta de esta r\u00e9plica de un helic\u00f3ptero de la Guardia Civil.<\/p>","protected":false},"excerpt":{"rendered":"<p>Helic\u00f3ptero Guardia Civil<\/p>","protected":false},"featured_media":9351,"template":"","meta":[],"product_brand":[],"product_cat":[310,144],"product_tag":[149,148,145],"class_list":{"0":"post-623","1":"product","2":"type-product","3":"status-publish","4":"has-post-thumbnail","6":"product_cat-guardia-civil","7":"product_cat-juguetes","8":"product_tag-guardia-civil","9":"product_tag-helicoptero","10":"product_tag-juguete","12":"first","13":"instock","14":"taxable","15":"shipping-taxable","16":"purchasable","17":"product-type-simple"},"_links":{"self":[{"href":"https:\/\/topofclimb.es\/en\/wp-json\/wp\/v2\/product\/623","targetHints":{"allow":["GET"]}}],"collection":[{"href":"https:\/\/topofclimb.es\/en\/wp-json\/wp\/v2\/product"}],"about":[{"href":"https:\/\/topofclimb.es\/en\/wp-json\/wp\/v2\/types\/product"}],"wp:featuredmedia":[{"embeddable":true,"href":"https:\/\/topofclimb.es\/en\/wp-json\/wp\/v2\/media\/9351"}],"wp:attachment":[{"href":"https:\/\/topofclimb.es\/en\/wp-json\/wp\/v2\/media?parent=623"}],"wp:term":[{"taxonomy":"product_brand","embeddable":true,"href":"https:\/\/topofclimb.es\/en\/wp-json\/wp\/v2\/product_brand?post=623"},{"taxonomy":"product_cat","embeddable":true,"href":"https:\/\/topofclimb.es\/en\/wp-json\/wp\/v2\/product_cat?post=623"},{"taxonomy":"product_tag","embeddable":true,"href":"https:\/\/topofclimb.es\/en\/wp-json\/wp\/v2\/product_tag?post=623"}],"curies":[{"name":"wp","href":"https:\/\/api.w.org\/{rel}","templated":true}]}}