{"id":619,"date":"2024-02-26T12:37:17","date_gmt":"2024-02-26T12:37:17","guid":{"rendered":"https:\/?post_type=product&#038;p=619"},"modified":"2026-02-03T08:30:09","modified_gmt":"2026-02-03T08:30:09","slug":"mono-de-piloto-de-adulto","status":"publish","type":"product","link":"https:\/\/topofclimb.es\/en\/product\/mono-de-piloto-de-adulto\/","title":{"rendered":"Mono de piloto de adulto"},"content":{"rendered":"<p>Para todo gran aviador y piloto de combate, su mono de vuelo es su ropa laboral, por eso es muy importante que este sea resistente y c\u00f3modo. Los monos de vuelo de la reconocida marca Fostex Garments nos ofrecen justamente eso, un tejido resistente con una costura y una composici\u00f3n c\u00f3moda, junto con unas mangas y cintura ajustables.<\/p>\n<p>Este mono de vuelo es perfecto para aquellos que necesitan uno para sus duras jornadas laborales, tanto en tierra como en el aire, as\u00ed como el regalo perfecto para cualquier fan\u00e1tico de la aviaci\u00f3n.<\/p>","protected":false},"excerpt":{"rendered":"<p>Mono de piloto de adulto<\/p>","protected":false},"featured_media":959,"template":"","meta":[],"product_brand":[],"product_cat":[142],"product_tag":[143,101],"class_list":{"0":"post-619","1":"product","2":"type-product","3":"status-publish","4":"has-post-thumbnail","6":"product_cat-monos","7":"product_tag-mono","8":"product_tag-piloto","10":"first","11":"instock","12":"taxable","13":"shipping-taxable","14":"purchasable","15":"product-type-variable"},"_links":{"self":[{"href":"https:\/\/topofclimb.es\/en\/wp-json\/wp\/v2\/product\/619","targetHints":{"allow":["GET"]}}],"collection":[{"href":"https:\/\/topofclimb.es\/en\/wp-json\/wp\/v2\/product"}],"about":[{"href":"https:\/\/topofclimb.es\/en\/wp-json\/wp\/v2\/types\/product"}],"wp:featuredmedia":[{"embeddable":true,"href":"https:\/\/topofclimb.es\/en\/wp-json\/wp\/v2\/media\/959"}],"wp:attachment":[{"href":"https:\/\/topofclimb.es\/en\/wp-json\/wp\/v2\/media?parent=619"}],"wp:term":[{"taxonomy":"product_brand","embeddable":true,"href":"https:\/\/topofclimb.es\/en\/wp-json\/wp\/v2\/product_brand?post=619"},{"taxonomy":"product_cat","embeddable":true,"href":"https:\/\/topofclimb.es\/en\/wp-json\/wp\/v2\/product_cat?post=619"},{"taxonomy":"product_tag","embeddable":true,"href":"https:\/\/topofclimb.es\/en\/wp-json\/wp\/v2\/product_tag?post=619"}],"curies":[{"name":"wp","href":"https:\/\/api.w.org\/{rel}","templated":true}]}}