{"id":618,"date":"2024-02-26T12:37:17","date_gmt":"2024-02-26T12:37:17","guid":{"rendered":"https:\/?post_type=product&#038;p=618"},"modified":"2026-03-30T13:30:17","modified_gmt":"2026-03-30T13:30:17","slug":"bolsa-de-piloto","status":"publish","type":"product","link":"https:\/\/topofclimb.es\/en\/product\/bolsa-de-piloto\/","title":{"rendered":"Bolsa de Piloto"},"content":{"rendered":"<p>Las bolsas de piloto son un art\u00edculo cl\u00e1sico de la aviaci\u00f3n y se han utilizado durante d\u00e9cadas por pilotos de todo el mundo.<br \/>\nLas bolsas incluyen en el dise\u00f1o cl\u00e1sico de la bolsa de piloto:<br \/>\n-Asa con costuras reforzadas.<br \/>\n-Cremallera reforzada simple de tama\u00f1o grande.<br \/>\n-Paredes laterales acolchadas, tacto externo e interno suave.<br \/>\n-6 huecos para parches, 4 circulares en el frontal y 2 horizontales en las solapas para galletas identificativas.<br \/>\n-2 bolsillos exteriores amplios con cierre de clip y velcro.<br \/>\n-2 bolsillos interiores laterales medianos con cierre por velcro.<br \/>\n-Mosquet\u00f3n cuelga llaves con cierre de seguridad.<\/p>\n<p>Los parches y llaveros de las im\u00e1genes NO est\u00e1n incluidos.<\/p>","protected":false},"excerpt":{"rendered":"<p>Bolsa de Piloto<\/p>","protected":false},"featured_media":945,"template":"","meta":[],"product_brand":[],"product_cat":[140],"product_tag":[141,101],"class_list":{"0":"post-618","1":"product","2":"type-product","3":"status-publish","4":"has-post-thumbnail","6":"product_cat-bolsas","7":"product_tag-bolsa","8":"product_tag-piloto","10":"first","11":"instock","12":"taxable","13":"shipping-taxable","14":"purchasable","15":"product-type-variable"},"_links":{"self":[{"href":"https:\/\/topofclimb.es\/en\/wp-json\/wp\/v2\/product\/618","targetHints":{"allow":["GET"]}}],"collection":[{"href":"https:\/\/topofclimb.es\/en\/wp-json\/wp\/v2\/product"}],"about":[{"href":"https:\/\/topofclimb.es\/en\/wp-json\/wp\/v2\/types\/product"}],"wp:featuredmedia":[{"embeddable":true,"href":"https:\/\/topofclimb.es\/en\/wp-json\/wp\/v2\/media\/945"}],"wp:attachment":[{"href":"https:\/\/topofclimb.es\/en\/wp-json\/wp\/v2\/media?parent=618"}],"wp:term":[{"taxonomy":"product_brand","embeddable":true,"href":"https:\/\/topofclimb.es\/en\/wp-json\/wp\/v2\/product_brand?post=618"},{"taxonomy":"product_cat","embeddable":true,"href":"https:\/\/topofclimb.es\/en\/wp-json\/wp\/v2\/product_cat?post=618"},{"taxonomy":"product_tag","embeddable":true,"href":"https:\/\/topofclimb.es\/en\/wp-json\/wp\/v2\/product_tag?post=618"}],"curies":[{"name":"wp","href":"https:\/\/api.w.org\/{rel}","templated":true}]}}