{"id":611,"date":"2024-02-26T12:37:16","date_gmt":"2024-02-26T12:37:16","guid":{"rendered":"https:\/?post_type=product&#038;p=611"},"modified":"2025-12-11T18:05:58","modified_gmt":"2025-12-11T18:05:58","slug":"colgante-pequeno-virgen-de-loreto-con-anilla","status":"publish","type":"product","link":"https:\/\/topofclimb.es\/en\/product\/colgante-pequeno-virgen-de-loreto-con-anilla\/","title":{"rendered":"Colgante peque\u00f1o Virgen de Loreto con anilla"},"content":{"rendered":"<p>Colgante para a\u00f1adir a collar\/pulsera\/etc. de nuestra se\u00f1ora la Virgen de Loreto, fabricado en n\u00edquel y ba\u00f1ado en plata.<\/p>","protected":false},"excerpt":{"rendered":"<p>Colgante peque\u00f1o Virgen de Loreto con anilla<\/p>","protected":false},"featured_media":924,"template":"","meta":[],"product_brand":[],"product_cat":[121],"product_tag":[125,122,124,123],"class_list":{"0":"post-611","1":"product","2":"type-product","3":"status-publish","4":"has-post-thumbnail","6":"product_cat-bisuteria","7":"product_tag-anilla","8":"product_tag-colgante","9":"product_tag-loreto","10":"product_tag-virgen","12":"first","13":"outofstock","14":"taxable","15":"shipping-taxable","16":"purchasable","17":"product-type-simple"},"_links":{"self":[{"href":"https:\/\/topofclimb.es\/en\/wp-json\/wp\/v2\/product\/611","targetHints":{"allow":["GET"]}}],"collection":[{"href":"https:\/\/topofclimb.es\/en\/wp-json\/wp\/v2\/product"}],"about":[{"href":"https:\/\/topofclimb.es\/en\/wp-json\/wp\/v2\/types\/product"}],"wp:featuredmedia":[{"embeddable":true,"href":"https:\/\/topofclimb.es\/en\/wp-json\/wp\/v2\/media\/924"}],"wp:attachment":[{"href":"https:\/\/topofclimb.es\/en\/wp-json\/wp\/v2\/media?parent=611"}],"wp:term":[{"taxonomy":"product_brand","embeddable":true,"href":"https:\/\/topofclimb.es\/en\/wp-json\/wp\/v2\/product_brand?post=611"},{"taxonomy":"product_cat","embeddable":true,"href":"https:\/\/topofclimb.es\/en\/wp-json\/wp\/v2\/product_cat?post=611"},{"taxonomy":"product_tag","embeddable":true,"href":"https:\/\/topofclimb.es\/en\/wp-json\/wp\/v2\/product_tag?post=611"}],"curies":[{"name":"wp","href":"https:\/\/api.w.org\/{rel}","templated":true}]}}