{"id":609,"date":"2024-02-26T12:37:16","date_gmt":"2024-02-26T12:37:16","guid":{"rendered":"https:\/?post_type=product&#038;p=609"},"modified":"2026-03-18T18:01:45","modified_gmt":"2026-03-18T18:01:45","slug":"pulsera-bandera-de-espana-barlovento","status":"publish","type":"product","link":"https:\/\/topofclimb.es\/en\/product\/pulsera-bandera-de-espana-barlovento\/","title":{"rendered":"Pulsera bandera de Espa\u00f1a barlovento"},"content":{"rendered":"<p>Una hermosa pulsera de cuerda y enganche met\u00e1lico con la ic\u00f3nica bandera de Espa\u00f1a.<\/p>","protected":false},"excerpt":{"rendered":"<p>Pulsera bandera de Espa\u00f1a barlovento<\/p>","protected":false},"featured_media":1265,"template":"","meta":[],"product_brand":[],"product_cat":[116],"product_tag":[118,117],"class_list":{"0":"post-609","1":"product","2":"type-product","3":"status-publish","4":"has-post-thumbnail","6":"product_cat-pulseras","7":"product_tag-barlovento","8":"product_tag-pulsera","10":"first","11":"instock","12":"taxable","13":"shipping-taxable","14":"purchasable","15":"product-type-variable"},"_links":{"self":[{"href":"https:\/\/topofclimb.es\/en\/wp-json\/wp\/v2\/product\/609","targetHints":{"allow":["GET"]}}],"collection":[{"href":"https:\/\/topofclimb.es\/en\/wp-json\/wp\/v2\/product"}],"about":[{"href":"https:\/\/topofclimb.es\/en\/wp-json\/wp\/v2\/types\/product"}],"wp:featuredmedia":[{"embeddable":true,"href":"https:\/\/topofclimb.es\/en\/wp-json\/wp\/v2\/media\/1265"}],"wp:attachment":[{"href":"https:\/\/topofclimb.es\/en\/wp-json\/wp\/v2\/media?parent=609"}],"wp:term":[{"taxonomy":"product_brand","embeddable":true,"href":"https:\/\/topofclimb.es\/en\/wp-json\/wp\/v2\/product_brand?post=609"},{"taxonomy":"product_cat","embeddable":true,"href":"https:\/\/topofclimb.es\/en\/wp-json\/wp\/v2\/product_cat?post=609"},{"taxonomy":"product_tag","embeddable":true,"href":"https:\/\/topofclimb.es\/en\/wp-json\/wp\/v2\/product_tag?post=609"}],"curies":[{"name":"wp","href":"https:\/\/api.w.org\/{rel}","templated":true}]}}