{"id":608,"date":"2024-02-26T12:37:15","date_gmt":"2024-02-26T12:37:15","guid":{"rendered":"https:\/?post_type=product&#038;p=608"},"modified":"2026-01-21T09:43:44","modified_gmt":"2026-01-21T09:43:44","slug":"polo-bord-a14-blanco","status":"publish","type":"product","link":"https:\/\/topofclimb.es\/en\/product\/polo-bord-a14-blanco\/","title":{"rendered":"Polo Bordado Ala 14"},"content":{"rendered":"<p>Polo bordado color azul marino o blanco, 100% algod\u00f3n peinado de gran calidad 220gr. Bandera de Espa\u00f1a en mangas y cuello. Bordado de Espa\u00f1a en la nuca.<\/p>","protected":false},"excerpt":{"rendered":"<p>Polo Bordado Ala 14<\/p>","protected":false},"featured_media":1264,"template":"","meta":[],"product_brand":[],"product_cat":[74],"product_tag":[115,114,113],"class_list":{"0":"post-608","1":"product","2":"type-product","3":"status-publish","4":"has-post-thumbnail","6":"product_cat-polos","7":"product_tag-ala-14","8":"product_tag-bordado","9":"product_tag-polo","11":"first","12":"instock","13":"taxable","14":"shipping-taxable","15":"purchasable","16":"product-type-variable"},"_links":{"self":[{"href":"https:\/\/topofclimb.es\/en\/wp-json\/wp\/v2\/product\/608","targetHints":{"allow":["GET"]}}],"collection":[{"href":"https:\/\/topofclimb.es\/en\/wp-json\/wp\/v2\/product"}],"about":[{"href":"https:\/\/topofclimb.es\/en\/wp-json\/wp\/v2\/types\/product"}],"wp:featuredmedia":[{"embeddable":true,"href":"https:\/\/topofclimb.es\/en\/wp-json\/wp\/v2\/media\/1264"}],"wp:attachment":[{"href":"https:\/\/topofclimb.es\/en\/wp-json\/wp\/v2\/media?parent=608"}],"wp:term":[{"taxonomy":"product_brand","embeddable":true,"href":"https:\/\/topofclimb.es\/en\/wp-json\/wp\/v2\/product_brand?post=608"},{"taxonomy":"product_cat","embeddable":true,"href":"https:\/\/topofclimb.es\/en\/wp-json\/wp\/v2\/product_cat?post=608"},{"taxonomy":"product_tag","embeddable":true,"href":"https:\/\/topofclimb.es\/en\/wp-json\/wp\/v2\/product_tag?post=608"}],"curies":[{"name":"wp","href":"https:\/\/api.w.org\/{rel}","templated":true}]}}