{"id":602,"date":"2024-02-26T12:37:13","date_gmt":"2024-02-26T12:37:13","guid":{"rendered":"https:\/?post_type=product&#038;p=602"},"modified":"2026-04-16T11:30:44","modified_gmt":"2026-04-16T11:30:44","slug":"cazadora-de-piloto-de-nino","status":"publish","type":"product","link":"https:\/\/topofclimb.es\/en\/product\/cazadora-de-piloto-de-nino\/","title":{"rendered":"Cazadora de piloto de ni\u00f1o"},"content":{"rendered":"<p>Cazadora de piloto para ni\u00f1o estilo tradicional, incluye parches de la aviaci\u00f3n americana.<br \/>\nEsta cazadora de piloto es el reflejo de las cazadoras de aviaci\u00f3n que los pilotos de combate llevaban durante el siglo XX, pero adaptada a la moda y a los materiales actuales. Las cazadoras de piloto de ni\u00f1o son de estilo \u00abbomber\u00bb como se conocen coloquialmente.<br \/>\nTanto el cuello como la cintura y las mangas llevan un el\u00e1stico en tela para ajustarse bien al cuerpo y evitar la entrada del aire. Las cremalleras son de gran tama\u00f1o, imitando una vez mas a los modelos mas tradicionales de cazadoras de piloto.<br \/>\nEl relleno es c\u00f3modo y c\u00e1lido sin resultar muy voluminoso.<br \/>\nLas cazadoras de piloto para ni\u00f1o llevan bordados parches de la aviaci\u00f3n tradicional del siglo XX del USAF.<\/p>","protected":false},"excerpt":{"rendered":"<p>Cazadora de piloto de ni\u00f1o<\/p>","protected":false},"featured_media":17847,"template":"","meta":[],"product_brand":[],"product_cat":[82,333,69],"product_tag":[100,102,101],"class_list":{"0":"post-602","1":"product","2":"type-product","3":"status-publish","4":"has-post-thumbnail","6":"product_cat-cazadoras-ropa-tecnica","7":"product_cat-cazadoras-de-piloto","8":"product_cat-ropa-tecnica","9":"product_tag-cazadora","10":"product_tag-nino","11":"product_tag-piloto","13":"first","14":"instock","15":"taxable","16":"shipping-taxable","17":"purchasable","18":"product-type-variable"},"_links":{"self":[{"href":"https:\/\/topofclimb.es\/en\/wp-json\/wp\/v2\/product\/602","targetHints":{"allow":["GET"]}}],"collection":[{"href":"https:\/\/topofclimb.es\/en\/wp-json\/wp\/v2\/product"}],"about":[{"href":"https:\/\/topofclimb.es\/en\/wp-json\/wp\/v2\/types\/product"}],"wp:featuredmedia":[{"embeddable":true,"href":"https:\/\/topofclimb.es\/en\/wp-json\/wp\/v2\/media\/17847"}],"wp:attachment":[{"href":"https:\/\/topofclimb.es\/en\/wp-json\/wp\/v2\/media?parent=602"}],"wp:term":[{"taxonomy":"product_brand","embeddable":true,"href":"https:\/\/topofclimb.es\/en\/wp-json\/wp\/v2\/product_brand?post=602"},{"taxonomy":"product_cat","embeddable":true,"href":"https:\/\/topofclimb.es\/en\/wp-json\/wp\/v2\/product_cat?post=602"},{"taxonomy":"product_tag","embeddable":true,"href":"https:\/\/topofclimb.es\/en\/wp-json\/wp\/v2\/product_tag?post=602"}],"curies":[{"name":"wp","href":"https:\/\/api.w.org\/{rel}","templated":true}]}}