{"id":600,"date":"2024-02-26T12:37:13","date_gmt":"2024-02-26T12:37:13","guid":{"rendered":"https:\/?post_type=product&#038;p=600"},"modified":"2026-01-13T08:44:12","modified_gmt":"2026-01-13T08:44:12","slug":"sudadera-azul-ejercito-del-aire-y-del-espacio-de-mujer","status":"publish","type":"product","link":"https:\/\/topofclimb.es\/en\/product\/sudadera-azul-ejercito-del-aire-y-del-espacio-de-mujer\/","title":{"rendered":"Sudadera azul ej\u00e9rcito del aire y del espacio de mujer"},"content":{"rendered":"<p>Sudadera de algod\u00f3n serigrafiada para mujer, del Ej\u00e9rcito del Aire con rokiski a color y los aviones Eurofighter, F-18, Pilatus y C-101.<br \/>\nPrenda c\u00e1lida e informal, con capucha y bolsillo central, ideal para uso de diario, practicar deporte, etc\u2026<\/p>","protected":false},"excerpt":{"rendered":"<p>Sudadera azul ej\u00e9rcito del aire y del espacio de mujer<\/p>","protected":false},"featured_media":812,"template":"","meta":[],"product_brand":[],"product_cat":[94],"product_tag":[97,96,98,93,95],"class_list":{"0":"post-600","1":"product","2":"type-product","3":"status-publish","4":"has-post-thumbnail","6":"product_cat-sudaderas","7":"product_tag-aire","8":"product_tag-ejercito","9":"product_tag-espacio","10":"product_tag-rokiski","11":"product_tag-sudadera","13":"first","14":"instock","15":"taxable","16":"shipping-taxable","17":"purchasable","18":"product-type-variable"},"_links":{"self":[{"href":"https:\/\/topofclimb.es\/en\/wp-json\/wp\/v2\/product\/600","targetHints":{"allow":["GET"]}}],"collection":[{"href":"https:\/\/topofclimb.es\/en\/wp-json\/wp\/v2\/product"}],"about":[{"href":"https:\/\/topofclimb.es\/en\/wp-json\/wp\/v2\/types\/product"}],"wp:featuredmedia":[{"embeddable":true,"href":"https:\/\/topofclimb.es\/en\/wp-json\/wp\/v2\/media\/812"}],"wp:attachment":[{"href":"https:\/\/topofclimb.es\/en\/wp-json\/wp\/v2\/media?parent=600"}],"wp:term":[{"taxonomy":"product_brand","embeddable":true,"href":"https:\/\/topofclimb.es\/en\/wp-json\/wp\/v2\/product_brand?post=600"},{"taxonomy":"product_cat","embeddable":true,"href":"https:\/\/topofclimb.es\/en\/wp-json\/wp\/v2\/product_cat?post=600"},{"taxonomy":"product_tag","embeddable":true,"href":"https:\/\/topofclimb.es\/en\/wp-json\/wp\/v2\/product_tag?post=600"}],"curies":[{"name":"wp","href":"https:\/\/api.w.org\/{rel}","templated":true}]}}