{"id":597,"date":"2024-02-26T12:37:11","date_gmt":"2024-02-26T12:37:11","guid":{"rendered":"https:\/?post_type=product&#038;p=597"},"modified":"2026-01-14T18:17:55","modified_gmt":"2026-01-14T18:17:55","slug":"camiseta-algodon-eurofighter-blanco","status":"publish","type":"product","link":"https:\/\/topofclimb.es\/en\/product\/camiseta-algodon-eurofighter-blanco\/","title":{"rendered":"Camiseta Algod\u00f3n Eurofighter Blanco"},"content":{"rendered":"<p>Camiseta 100% algod\u00f3n, con bordado del Eurofighter en pecho y serigraf\u00eda en la espalda.<br \/>\nFabricadas 100% algod\u00f3n garantizan comodidad y elasticidad en cada movimiento.<br \/>\nCuello redondo de 4 capas.<\/p>","protected":false},"excerpt":{"rendered":"<p>Camiseta Algod\u00f3n Eurofighter Blanco<\/p>","protected":false},"featured_media":800,"template":"","meta":[],"product_brand":[],"product_cat":[88],"product_tag":[89,90],"class_list":{"0":"post-597","1":"product","2":"type-product","3":"status-publish","4":"has-post-thumbnail","6":"product_cat-camisetas-2","7":"product_tag-camiseta","8":"product_tag-eurofighter","10":"first","11":"instock","12":"taxable","13":"shipping-taxable","14":"purchasable","15":"product-type-variable"},"_links":{"self":[{"href":"https:\/\/topofclimb.es\/en\/wp-json\/wp\/v2\/product\/597","targetHints":{"allow":["GET"]}}],"collection":[{"href":"https:\/\/topofclimb.es\/en\/wp-json\/wp\/v2\/product"}],"about":[{"href":"https:\/\/topofclimb.es\/en\/wp-json\/wp\/v2\/types\/product"}],"wp:featuredmedia":[{"embeddable":true,"href":"https:\/\/topofclimb.es\/en\/wp-json\/wp\/v2\/media\/800"}],"wp:attachment":[{"href":"https:\/\/topofclimb.es\/en\/wp-json\/wp\/v2\/media?parent=597"}],"wp:term":[{"taxonomy":"product_brand","embeddable":true,"href":"https:\/\/topofclimb.es\/en\/wp-json\/wp\/v2\/product_brand?post=597"},{"taxonomy":"product_cat","embeddable":true,"href":"https:\/\/topofclimb.es\/en\/wp-json\/wp\/v2\/product_cat?post=597"},{"taxonomy":"product_tag","embeddable":true,"href":"https:\/\/topofclimb.es\/en\/wp-json\/wp\/v2\/product_tag?post=597"}],"curies":[{"name":"wp","href":"https:\/\/api.w.org\/{rel}","templated":true}]}}