{"id":18540,"date":"2026-04-25T15:58:18","date_gmt":"2026-04-25T15:58:18","guid":{"rendered":"https:\/\/topofclimb.es\/?post_type=product&#038;p=18540"},"modified":"2026-04-25T15:58:19","modified_gmt":"2026-04-25T15:58:19","slug":"parche-nylon-3d-centenario-plus-ultra","status":"publish","type":"product","link":"https:\/\/topofclimb.es\/en\/product\/parche-nylon-3d-centenario-plus-ultra\/","title":{"rendered":"Parche Nylon 3D Centenario Plus Ultra"},"content":{"rendered":"<p>El Parche Nylon 3D Centenario Plus Ultra es una insignia conmemorativa circular que celebra el centenario del hist\u00f3rico vuelo transatl\u00e1ntico \u00abPlus Ultra\u00bb (1926, de Ram\u00f3n Franco) y otros grandes vuelos de la aviaci\u00f3n espa\u00f1ola hasta 1935, proyectando su legado hacia 2026.<\/p>","protected":false},"excerpt":{"rendered":"<p>El Parche Nylon 3D Centenario Plus Ultra es una insignia conmemorativa circular que celebra el centenario del hist\u00f3rico vuelo transatl\u00e1ntico \u00abPlus Ultra\u00bb (1926, de Ram\u00f3n Franco) y otros grandes vuelos de la aviaci\u00f3n espa\u00f1ola hasta 1935, proyectando su legado hacia 2026.<\/p>","protected":false},"featured_media":18541,"template":"","meta":[],"product_brand":[],"product_cat":[174],"product_tag":[],"class_list":{"0":"post-18540","1":"product","2":"type-product","3":"status-publish","4":"has-post-thumbnail","6":"product_cat-parches","8":"first","9":"instock","10":"taxable","11":"shipping-taxable","12":"purchasable","13":"product-type-simple"},"_links":{"self":[{"href":"https:\/\/topofclimb.es\/en\/wp-json\/wp\/v2\/product\/18540","targetHints":{"allow":["GET"]}}],"collection":[{"href":"https:\/\/topofclimb.es\/en\/wp-json\/wp\/v2\/product"}],"about":[{"href":"https:\/\/topofclimb.es\/en\/wp-json\/wp\/v2\/types\/product"}],"wp:featuredmedia":[{"embeddable":true,"href":"https:\/\/topofclimb.es\/en\/wp-json\/wp\/v2\/media\/18541"}],"wp:attachment":[{"href":"https:\/\/topofclimb.es\/en\/wp-json\/wp\/v2\/media?parent=18540"}],"wp:term":[{"taxonomy":"product_brand","embeddable":true,"href":"https:\/\/topofclimb.es\/en\/wp-json\/wp\/v2\/product_brand?post=18540"},{"taxonomy":"product_cat","embeddable":true,"href":"https:\/\/topofclimb.es\/en\/wp-json\/wp\/v2\/product_cat?post=18540"},{"taxonomy":"product_tag","embeddable":true,"href":"https:\/\/topofclimb.es\/en\/wp-json\/wp\/v2\/product_tag?post=18540"}],"curies":[{"name":"wp","href":"https:\/\/api.w.org\/{rel}","templated":true}]}}