{"id":18537,"date":"2026-04-25T15:55:29","date_gmt":"2026-04-25T15:55:29","guid":{"rendered":"https:\/\/topofclimb.es\/?post_type=product&#038;p=18537"},"modified":"2026-04-25T15:55:30","modified_gmt":"2026-04-25T15:55:30","slug":"parche-centenario-grandes-vuelos","status":"publish","type":"product","link":"https:\/\/topofclimb.es\/en\/product\/parche-centenario-grandes-vuelos\/","title":{"rendered":"Parche Centenario Grandes Vuelos"},"content":{"rendered":"<p>El Parche Nylon 3D Centenario de los Grandes Vuelos conmemora los hitos hist\u00f3ricos de la aviaci\u00f3n espa\u00f1ola entre 1926 y 1935, proyectando su legado hacia 2026.<\/p>","protected":false},"excerpt":{"rendered":"<p>El Parche Nylon 3D Centenario de los Grandes Vuelos conmemora los hitos hist\u00f3ricos de la aviaci\u00f3n espa\u00f1ola entre 1926 y 1935, proyectando su legado hacia 2026.<\/p>","protected":false},"featured_media":18539,"template":"","meta":[],"product_brand":[],"product_cat":[174],"product_tag":[],"class_list":{"0":"post-18537","1":"product","2":"type-product","3":"status-publish","4":"has-post-thumbnail","6":"product_cat-parches","8":"first","9":"instock","10":"taxable","11":"shipping-taxable","12":"purchasable","13":"product-type-simple"},"_links":{"self":[{"href":"https:\/\/topofclimb.es\/en\/wp-json\/wp\/v2\/product\/18537","targetHints":{"allow":["GET"]}}],"collection":[{"href":"https:\/\/topofclimb.es\/en\/wp-json\/wp\/v2\/product"}],"about":[{"href":"https:\/\/topofclimb.es\/en\/wp-json\/wp\/v2\/types\/product"}],"wp:featuredmedia":[{"embeddable":true,"href":"https:\/\/topofclimb.es\/en\/wp-json\/wp\/v2\/media\/18539"}],"wp:attachment":[{"href":"https:\/\/topofclimb.es\/en\/wp-json\/wp\/v2\/media?parent=18537"}],"wp:term":[{"taxonomy":"product_brand","embeddable":true,"href":"https:\/\/topofclimb.es\/en\/wp-json\/wp\/v2\/product_brand?post=18537"},{"taxonomy":"product_cat","embeddable":true,"href":"https:\/\/topofclimb.es\/en\/wp-json\/wp\/v2\/product_cat?post=18537"},{"taxonomy":"product_tag","embeddable":true,"href":"https:\/\/topofclimb.es\/en\/wp-json\/wp\/v2\/product_tag?post=18537"}],"curies":[{"name":"wp","href":"https:\/\/api.w.org\/{rel}","templated":true}]}}