{"id":18524,"date":"2026-04-25T13:14:18","date_gmt":"2026-04-25T13:14:18","guid":{"rendered":"https:\/\/topofclimb.es\/?post_type=product&#038;p=18524"},"modified":"2026-04-25T13:14:19","modified_gmt":"2026-04-25T13:14:19","slug":"gorra-de-beisbol-u-s-air-force-aspecto-cuero-2","status":"publish","type":"product","link":"https:\/\/topofclimb.es\/en\/product\/gorra-de-beisbol-u-s-air-force-aspecto-cuero-2\/","title":{"rendered":"Gorra de b\u00e9isbol U.S. Air Force Aspecto cuero"},"content":{"rendered":"<p>Descubre la gorra de b\u00e9isbol marr\u00f3n de la U.S. Airforce con un elegante aspecto de cuero. Fabricada con poliuretano duradero, esta gorra ofrece tanto comodidad como una apariencia audaz. En la parte delantera de la gorra se encuentra el logo de la U.S. Airforce.<\/p>","protected":false},"excerpt":{"rendered":"<p>Descubre la gorra de b\u00e9isbol marr\u00f3n de la U.S. Airforce con un elegante aspecto de cuero. Fabricada con poliuretano duradero, esta gorra ofrece tanto comodidad como una apariencia audaz. En la parte delantera de la gorra se encuentra el logo de la U.S. Airforce.<\/p>","protected":false},"featured_media":18527,"template":"","meta":[],"product_brand":[],"product_cat":[109,70],"product_tag":[],"class_list":{"0":"post-18524","1":"product","2":"type-product","3":"status-publish","4":"has-post-thumbnail","6":"product_cat-gorras","7":"product_cat-ropa-sport","9":"first","10":"instock","11":"taxable","12":"shipping-taxable","13":"purchasable","14":"product-type-simple"},"_links":{"self":[{"href":"https:\/\/topofclimb.es\/en\/wp-json\/wp\/v2\/product\/18524","targetHints":{"allow":["GET"]}}],"collection":[{"href":"https:\/\/topofclimb.es\/en\/wp-json\/wp\/v2\/product"}],"about":[{"href":"https:\/\/topofclimb.es\/en\/wp-json\/wp\/v2\/types\/product"}],"wp:featuredmedia":[{"embeddable":true,"href":"https:\/\/topofclimb.es\/en\/wp-json\/wp\/v2\/media\/18527"}],"wp:attachment":[{"href":"https:\/\/topofclimb.es\/en\/wp-json\/wp\/v2\/media?parent=18524"}],"wp:term":[{"taxonomy":"product_brand","embeddable":true,"href":"https:\/\/topofclimb.es\/en\/wp-json\/wp\/v2\/product_brand?post=18524"},{"taxonomy":"product_cat","embeddable":true,"href":"https:\/\/topofclimb.es\/en\/wp-json\/wp\/v2\/product_cat?post=18524"},{"taxonomy":"product_tag","embeddable":true,"href":"https:\/\/topofclimb.es\/en\/wp-json\/wp\/v2\/product_tag?post=18524"}],"curies":[{"name":"wp","href":"https:\/\/api.w.org\/{rel}","templated":true}]}}