{"id":18519,"date":"2026-04-25T13:09:53","date_gmt":"2026-04-25T13:09:53","guid":{"rendered":"https:\/\/topofclimb.es\/?post_type=product&#038;p=18519"},"modified":"2026-04-25T13:09:53","modified_gmt":"2026-04-25T13:09:53","slug":"gorra-de-beisbol-uh-60-blackhawk","status":"publish","type":"product","link":"https:\/\/topofclimb.es\/en\/product\/gorra-de-beisbol-uh-60-blackhawk\/","title":{"rendered":"Gorra de Be\u00edsbol UH-60 Blackhawk"},"content":{"rendered":"<p>Gorra de b\u00e9isbol del helic\u00f3ptero UH-60Blackhawk de la Fuerza A\u00e9rea de los Estados Unidos.<\/p>","protected":false},"excerpt":{"rendered":"<p>Gorra de b\u00e9isbol del helic\u00f3ptero UH-60Blackhawk de la Fuerza A\u00e9rea de los Estados Unidos.<\/p>","protected":false},"featured_media":18520,"template":"","meta":[],"product_brand":[],"product_cat":[109],"product_tag":[],"class_list":{"0":"post-18519","1":"product","2":"type-product","3":"status-publish","4":"has-post-thumbnail","6":"product_cat-gorras","8":"first","9":"instock","10":"taxable","11":"shipping-taxable","12":"purchasable","13":"product-type-simple"},"_links":{"self":[{"href":"https:\/\/topofclimb.es\/en\/wp-json\/wp\/v2\/product\/18519","targetHints":{"allow":["GET"]}}],"collection":[{"href":"https:\/\/topofclimb.es\/en\/wp-json\/wp\/v2\/product"}],"about":[{"href":"https:\/\/topofclimb.es\/en\/wp-json\/wp\/v2\/types\/product"}],"wp:featuredmedia":[{"embeddable":true,"href":"https:\/\/topofclimb.es\/en\/wp-json\/wp\/v2\/media\/18520"}],"wp:attachment":[{"href":"https:\/\/topofclimb.es\/en\/wp-json\/wp\/v2\/media?parent=18519"}],"wp:term":[{"taxonomy":"product_brand","embeddable":true,"href":"https:\/\/topofclimb.es\/en\/wp-json\/wp\/v2\/product_brand?post=18519"},{"taxonomy":"product_cat","embeddable":true,"href":"https:\/\/topofclimb.es\/en\/wp-json\/wp\/v2\/product_cat?post=18519"},{"taxonomy":"product_tag","embeddable":true,"href":"https:\/\/topofclimb.es\/en\/wp-json\/wp\/v2\/product_tag?post=18519"}],"curies":[{"name":"wp","href":"https:\/\/api.w.org\/{rel}","templated":true}]}}