{"id":18494,"date":"2026-04-25T09:00:28","date_gmt":"2026-04-25T09:00:28","guid":{"rendered":"https:\/\/topofclimb.es\/?post_type=product&#038;p=18494"},"modified":"2026-04-25T09:00:29","modified_gmt":"2026-04-25T09:00:29","slug":"camiseta-arida-eurofighter","status":"publish","type":"product","link":"https:\/\/topofclimb.es\/en\/product\/camiseta-arida-eurofighter\/","title":{"rendered":"Camiseta \u00c1rida Eurofighter"},"content":{"rendered":"<p>Camiseta de algod\u00f3n arena con bordado frontal en el pecho del Eurofighter y gr\u00e1fico t\u00e9cnico posterior de gran tama\u00f1o.<\/p>","protected":false},"excerpt":{"rendered":"<p>Camiseta de algod\u00f3n arena con bordado frontal en el pecho del Eurofighter y gr\u00e1fico t\u00e9cnico posterior de gran tama\u00f1o.<\/p>","protected":false},"featured_media":18496,"template":"","meta":[],"product_brand":[],"product_cat":[88,70],"product_tag":[],"class_list":{"0":"post-18494","1":"product","2":"type-product","3":"status-publish","4":"has-post-thumbnail","6":"product_cat-camisetas-2","7":"product_cat-ropa-sport","9":"first","10":"instock","11":"taxable","12":"shipping-taxable","13":"purchasable","14":"product-type-variable"},"_links":{"self":[{"href":"https:\/\/topofclimb.es\/en\/wp-json\/wp\/v2\/product\/18494","targetHints":{"allow":["GET"]}}],"collection":[{"href":"https:\/\/topofclimb.es\/en\/wp-json\/wp\/v2\/product"}],"about":[{"href":"https:\/\/topofclimb.es\/en\/wp-json\/wp\/v2\/types\/product"}],"wp:featuredmedia":[{"embeddable":true,"href":"https:\/\/topofclimb.es\/en\/wp-json\/wp\/v2\/media\/18496"}],"wp:attachment":[{"href":"https:\/\/topofclimb.es\/en\/wp-json\/wp\/v2\/media?parent=18494"}],"wp:term":[{"taxonomy":"product_brand","embeddable":true,"href":"https:\/\/topofclimb.es\/en\/wp-json\/wp\/v2\/product_brand?post=18494"},{"taxonomy":"product_cat","embeddable":true,"href":"https:\/\/topofclimb.es\/en\/wp-json\/wp\/v2\/product_cat?post=18494"},{"taxonomy":"product_tag","embeddable":true,"href":"https:\/\/topofclimb.es\/en\/wp-json\/wp\/v2\/product_tag?post=18494"}],"curies":[{"name":"wp","href":"https:\/\/api.w.org\/{rel}","templated":true}]}}