{"id":18487,"date":"2026-04-25T08:48:15","date_gmt":"2026-04-25T08:48:15","guid":{"rendered":"https:\/\/topofclimb.es\/?post_type=product&#038;p=18487"},"modified":"2026-04-25T08:48:16","modified_gmt":"2026-04-25T08:48:16","slug":"camiseta-arida-f18","status":"publish","type":"product","link":"https:\/\/topofclimb.es\/en\/product\/camiseta-arida-f18\/","title":{"rendered":"Camiseta \u00c1rida F18"},"content":{"rendered":"<p>Camiseta de algod\u00f3n color arena con bordado frontal en el pecho del avi\u00f3n de combate F-18 Hornet y gr\u00e1fico t\u00e9cnico posterior a gran formato.<\/p>","protected":false},"excerpt":{"rendered":"<p>Camiseta de algod\u00f3n color arena con bordado frontal en el pecho del avi\u00f3n de combate F-18 Hornet y gr\u00e1fico t\u00e9cnico posterior a gran formato.<\/p>","protected":false},"featured_media":18488,"template":"","meta":[],"product_brand":[],"product_cat":[88,70],"product_tag":[],"class_list":{"0":"post-18487","1":"product","2":"type-product","3":"status-publish","4":"has-post-thumbnail","6":"product_cat-camisetas-2","7":"product_cat-ropa-sport","9":"first","10":"instock","11":"taxable","12":"shipping-taxable","13":"purchasable","14":"product-type-variable"},"_links":{"self":[{"href":"https:\/\/topofclimb.es\/en\/wp-json\/wp\/v2\/product\/18487","targetHints":{"allow":["GET"]}}],"collection":[{"href":"https:\/\/topofclimb.es\/en\/wp-json\/wp\/v2\/product"}],"about":[{"href":"https:\/\/topofclimb.es\/en\/wp-json\/wp\/v2\/types\/product"}],"wp:featuredmedia":[{"embeddable":true,"href":"https:\/\/topofclimb.es\/en\/wp-json\/wp\/v2\/media\/18488"}],"wp:attachment":[{"href":"https:\/\/topofclimb.es\/en\/wp-json\/wp\/v2\/media?parent=18487"}],"wp:term":[{"taxonomy":"product_brand","embeddable":true,"href":"https:\/\/topofclimb.es\/en\/wp-json\/wp\/v2\/product_brand?post=18487"},{"taxonomy":"product_cat","embeddable":true,"href":"https:\/\/topofclimb.es\/en\/wp-json\/wp\/v2\/product_cat?post=18487"},{"taxonomy":"product_tag","embeddable":true,"href":"https:\/\/topofclimb.es\/en\/wp-json\/wp\/v2\/product_tag?post=18487"}],"curies":[{"name":"wp","href":"https:\/\/api.w.org\/{rel}","templated":true}]}}