{"id":18480,"date":"2026-04-24T16:51:32","date_gmt":"2026-04-24T16:51:32","guid":{"rendered":"https:\/\/topofclimb.es\/?post_type=product&#038;p=18480"},"modified":"2026-04-24T16:51:33","modified_gmt":"2026-04-24T16:51:33","slug":"camiseta-tecnica-arida-mujer","status":"publish","type":"product","link":"https:\/\/topofclimb.es\/en\/product\/camiseta-tecnica-arida-mujer\/","title":{"rendered":"Camiseta T\u00e9cnica \u00c1rida Mujer"},"content":{"rendered":"<p>Camiseta t\u00e9cnica color arena\/\u00e1rido con serigraf\u00eda de rokiski del Ej\u00e9rcito del Aire y del Espacio en el pecho. Fabricada en 100% poli\u00e9ster transpirable de 150 g\/m\u00b2. C\u00f3moda, ligera y perfecta para entrenamientos.<\/p>","protected":false},"excerpt":{"rendered":"<p>Camiseta t\u00e9cnica color arena\/\u00e1rido con serigraf\u00eda de rokiski del Ej\u00e9rcito del Aire y del Espacio en el pecho. Fabricada en 100% poli\u00e9ster transpirable de 150 g\/m\u00b2. C\u00f3moda, ligera y perfecta para entrenamientos.<\/p>","protected":false},"featured_media":18481,"template":"","meta":[],"product_brand":[],"product_cat":[88,296,69],"product_tag":[],"class_list":{"0":"post-18480","1":"product","2":"type-product","3":"status-publish","4":"has-post-thumbnail","6":"product_cat-camisetas-2","7":"product_cat-camiseta","8":"product_cat-ropa-tecnica","10":"first","11":"instock","12":"taxable","13":"shipping-taxable","14":"purchasable","15":"product-type-variable"},"_links":{"self":[{"href":"https:\/\/topofclimb.es\/en\/wp-json\/wp\/v2\/product\/18480","targetHints":{"allow":["GET"]}}],"collection":[{"href":"https:\/\/topofclimb.es\/en\/wp-json\/wp\/v2\/product"}],"about":[{"href":"https:\/\/topofclimb.es\/en\/wp-json\/wp\/v2\/types\/product"}],"wp:featuredmedia":[{"embeddable":true,"href":"https:\/\/topofclimb.es\/en\/wp-json\/wp\/v2\/media\/18481"}],"wp:attachment":[{"href":"https:\/\/topofclimb.es\/en\/wp-json\/wp\/v2\/media?parent=18480"}],"wp:term":[{"taxonomy":"product_brand","embeddable":true,"href":"https:\/\/topofclimb.es\/en\/wp-json\/wp\/v2\/product_brand?post=18480"},{"taxonomy":"product_cat","embeddable":true,"href":"https:\/\/topofclimb.es\/en\/wp-json\/wp\/v2\/product_cat?post=18480"},{"taxonomy":"product_tag","embeddable":true,"href":"https:\/\/topofclimb.es\/en\/wp-json\/wp\/v2\/product_tag?post=18480"}],"curies":[{"name":"wp","href":"https:\/\/api.w.org\/{rel}","templated":true}]}}