{"id":18448,"date":"2026-04-15T08:10:51","date_gmt":"2026-04-15T08:10:51","guid":{"rendered":"https:\/\/topofclimb.es\/?post_type=product&#038;p=18448"},"modified":"2026-04-15T08:10:51","modified_gmt":"2026-04-15T08:10:51","slug":"iman-redondo-cristal-escudo-espana","status":"publish","type":"product","link":"https:\/\/topofclimb.es\/en\/product\/iman-redondo-cristal-escudo-espana\/","title":{"rendered":"Im\u00e1n redondo Cristal Escudo Espa\u00f1a"},"content":{"rendered":"<p>Im\u00e1n frigo redondo Espa\u00f1a escudo di\u00e1metro 5 cent\u00edmetros<\/p>","protected":false},"excerpt":{"rendered":"<p>Im\u00e1n frigo redondo Espa\u00f1a escudo di\u00e1metro 5 cent\u00edmetros<\/p>","protected":false},"featured_media":18449,"template":"","meta":[],"product_brand":[],"product_cat":[322],"product_tag":[],"class_list":{"0":"post-18448","1":"product","2":"type-product","3":"status-publish","4":"has-post-thumbnail","6":"product_cat-imanes","8":"first","9":"instock","10":"taxable","11":"shipping-taxable","12":"purchasable","13":"product-type-simple"},"_links":{"self":[{"href":"https:\/\/topofclimb.es\/en\/wp-json\/wp\/v2\/product\/18448","targetHints":{"allow":["GET"]}}],"collection":[{"href":"https:\/\/topofclimb.es\/en\/wp-json\/wp\/v2\/product"}],"about":[{"href":"https:\/\/topofclimb.es\/en\/wp-json\/wp\/v2\/types\/product"}],"wp:featuredmedia":[{"embeddable":true,"href":"https:\/\/topofclimb.es\/en\/wp-json\/wp\/v2\/media\/18449"}],"wp:attachment":[{"href":"https:\/\/topofclimb.es\/en\/wp-json\/wp\/v2\/media?parent=18448"}],"wp:term":[{"taxonomy":"product_brand","embeddable":true,"href":"https:\/\/topofclimb.es\/en\/wp-json\/wp\/v2\/product_brand?post=18448"},{"taxonomy":"product_cat","embeddable":true,"href":"https:\/\/topofclimb.es\/en\/wp-json\/wp\/v2\/product_cat?post=18448"},{"taxonomy":"product_tag","embeddable":true,"href":"https:\/\/topofclimb.es\/en\/wp-json\/wp\/v2\/product_tag?post=18448"}],"curies":[{"name":"wp","href":"https:\/\/api.w.org\/{rel}","templated":true}]}}